{"id":1421,"date":"2021-06-10T22:19:18","date_gmt":"2021-06-10T22:19:18","guid":{"rendered":"https:\/\/jccltrg.org\/?page_id=1421"},"modified":"2022-04-20T20:56:35","modified_gmt":"2022-04-20T20:56:35","slug":"boletines","status":"publish","type":"page","link":"https:\/\/jccltrg.org\/es\/noticias\/boletines\/","title":{"rendered":"Boletines"},"content":{"rendered":"\t\t<div data-elementor-type=\"wp-page\" data-elementor-id=\"1421\" class=\"elementor elementor-1421 elementor-1423\" data-elementor-post-type=\"page\">\n\t\t\t\t\t\t<section class=\"elementor-section elementor-top-section elementor-element elementor-element-720a20f0 elementor-section-boxed elementor-section-height-default elementor-section-height-default\" data-id=\"720a20f0\" data-element_type=\"section\" data-e-type=\"section\">\n\t\t\t\t\t\t<div class=\"elementor-container elementor-column-gap-default\">\n\t\t\t\t\t<div class=\"elementor-column elementor-col-66 elementor-top-column elementor-element elementor-element-eb11e54\" data-id=\"eb11e54\" data-element_type=\"column\" data-e-type=\"column\" data-settings=\"{&quot;background_background&quot;:&quot;classic&quot;}\">\n\t\t\t<div class=\"elementor-widget-wrap elementor-element-populated\">\n\t\t\t\t\t\t\t<\/div>\n\t\t<\/div>\n\t\t\t\t<div class=\"elementor-column elementor-col-33 elementor-top-column elementor-element elementor-element-79191553\" data-id=\"79191553\" data-element_type=\"column\" data-e-type=\"column\" data-settings=\"{&quot;background_background&quot;:&quot;classic&quot;}\">\n\t\t\t<div class=\"elementor-widget-wrap elementor-element-populated\">\n\t\t\t\t\t\t<div class=\"elementor-element elementor-element-366820e9 elementor-search-form--skin-classic elementor-search-form--button-type-icon elementor-search-form--icon-search elementor-widget elementor-widget-search-form\" data-id=\"366820e9\" data-element_type=\"widget\" data-e-type=\"widget\" data-settings=\"{&quot;skin&quot;:&quot;classic&quot;}\" data-widget_type=\"search-form.default\">\n\t\t\t\t<div class=\"elementor-widget-container\">\n\t\t\t\t\t\t\t<search role=\"search\">\n\t\t\t<form class=\"elementor-search-form\" action=\"https:\/\/jccltrg.org\/es\/\" method=\"get\">\n\t\t\t\t\t\t\t\t\t\t\t\t<div class=\"elementor-search-form__container\">\n\t\t\t\t\t<label class=\"elementor-screen-only\" for=\"elementor-search-form-366820e9\">Buscar<\/label>\n\n\t\t\t\t\t\n\t\t\t\t\t<input id=\"elementor-search-form-366820e9\" placeholder=\"B\u00fasqueda...\" class=\"elementor-search-form__input\" type=\"search\" name=\"s\" value=\"\">\n\t\t\t\t\t<input type='hidden' name='lang' value='es' \/>\n\t\t\t\t\t\t\t\t\t\t\t<button class=\"elementor-search-form__submit\" type=\"submit\" aria-label=\"Buscar\">\n\t\t\t\t\t\t\t\t\t\t\t\t\t\t\t<i aria-hidden=\"true\" class=\"fas fa-search\"><\/i>\t\t\t\t\t\t\t\t\t\t\t\t\t<\/button>\n\t\t\t\t\t\n\t\t\t\t\t\t\t\t\t<\/div>\n\t\t\t<\/form>\n\t\t<\/search>\n\t\t\t\t\t\t<\/div>\n\t\t\t\t<\/div>\n\t\t\t\t<div class=\"elementor-element elementor-element-2f7dc3f2 elementor-widget elementor-widget-heading\" data-id=\"2f7dc3f2\" data-element_type=\"widget\" data-e-type=\"widget\" data-widget_type=\"heading.default\">\n\t\t\t\t<div class=\"elementor-widget-container\">\n\t\t\t\t\t<h5 class=\"elementor-heading-title elementor-size-default\">Compartir con<\/h5>\t\t\t\t<\/div>\n\t\t\t\t<\/div>\n\t\t\t\t<div class=\"elementor-element elementor-element-606df88 elementor-share-buttons--view-icon elementor-grid-tablet-4 elementor-grid-mobile-0 elementor-share-buttons--shape-circle elementor-grid-4 elementor-share-buttons--color-custom elementor-share-buttons--skin-minimal elementor-widget elementor-widget-share-buttons\" data-id=\"606df88\" data-element_type=\"widget\" data-e-type=\"widget\" data-widget_type=\"share-buttons.default\">\n\t\t\t\t<div class=\"elementor-widget-container\">\n\t\t\t\t\t\t\t<div class=\"elementor-grid\" role=\"list\">\n\t\t\t\t\t\t\t\t<div class=\"elementor-grid-item\" role=\"listitem\">\n\t\t\t\t\t\t<div class=\"elementor-share-btn elementor-share-btn_facebook\" role=\"button\" tabindex=\"0\" aria-label=\"Compartir en facebook\">\n\t\t\t\t\t\t\t\t\t\t\t\t\t\t\t<span class=\"elementor-share-btn__icon\">\n\t\t\t\t\t\t\t\t<i class=\"fab fa-facebook\" aria-hidden=\"true\"><\/i>\t\t\t\t\t\t\t<\/span>\n\t\t\t\t\t\t\t\t\t\t\t\t\t\t\t\t\t\t\t\t<\/div>\n\t\t\t\t\t<\/div>\n\t\t\t\t\t\t\t\t\t<div class=\"elementor-grid-item\" role=\"listitem\">\n\t\t\t\t\t\t<div class=\"elementor-share-btn elementor-share-btn_twitter\" role=\"button\" tabindex=\"0\" aria-label=\"Compartir en twitter\">\n\t\t\t\t\t\t\t\t\t\t\t\t\t\t\t<span class=\"elementor-share-btn__icon\">\n\t\t\t\t\t\t\t\t<i class=\"fab fa-twitter\" aria-hidden=\"true\"><\/i>\t\t\t\t\t\t\t<\/span>\n\t\t\t\t\t\t\t\t\t\t\t\t\t\t\t\t\t\t\t\t<\/div>\n\t\t\t\t\t<\/div>\n\t\t\t\t\t\t\t\t\t<div class=\"elementor-grid-item\" role=\"listitem\">\n\t\t\t\t\t\t<div class=\"elementor-share-btn elementor-share-btn_linkedin\" role=\"button\" tabindex=\"0\" aria-label=\"Compartir en linkedin\">\n\t\t\t\t\t\t\t\t\t\t\t\t\t\t\t<span class=\"elementor-share-btn__icon\">\n\t\t\t\t\t\t\t\t<i class=\"fab fa-linkedin\" aria-hidden=\"true\"><\/i>\t\t\t\t\t\t\t<\/span>\n\t\t\t\t\t\t\t\t\t\t\t\t\t\t\t\t\t\t\t\t<\/div>\n\t\t\t\t\t<\/div>\n\t\t\t\t\t\t\t\t\t<div class=\"elementor-grid-item\" role=\"listitem\">\n\t\t\t\t\t\t<div class=\"elementor-share-btn elementor-share-btn_whatsapp\" role=\"button\" tabindex=\"0\" aria-label=\"Compartir en whatsapp\">\n\t\t\t\t\t\t\t\t\t\t\t\t\t\t\t<span class=\"elementor-share-btn__icon\">\n\t\t\t\t\t\t\t\t<i class=\"fab fa-whatsapp\" aria-hidden=\"true\"><\/i>\t\t\t\t\t\t\t<\/span>\n\t\t\t\t\t\t\t\t\t\t\t\t\t\t\t\t\t\t\t\t<\/div>\n\t\t\t\t\t<\/div>\n\t\t\t\t\t\t<\/div>\n\t\t\t\t\t\t<\/div>\n\t\t\t\t<\/div>\n\t\t\t\t<div class=\"elementor-element elementor-element-5f96e3eb elementor-widget elementor-widget-wp-widget-categories\" data-id=\"5f96e3eb\" data-element_type=\"widget\" data-e-type=\"widget\" data-widget_type=\"wp-widget-categories.default\">\n\t\t\t\t<div class=\"elementor-widget-container\">\n\t\t\t\t\t<h5>Categor\u00edas<\/h5><nav aria-label=\"Categor\u00edas\">\n\t\t\t<ul>\n\t\t\t\t\t<li class=\"cat-item cat-item-24\"><a href=\"https:\/\/jccltrg.org\/es\/category\/articulos\/\">Art\u00edculos<\/a>\n<\/li>\n\t<li class=\"cat-item cat-item-95\"><a href=\"https:\/\/jccltrg.org\/es\/category\/blog-es\/\">Blog<\/a>\n<\/li>\n\t<li class=\"cat-item cat-item-27\"><a href=\"https:\/\/jccltrg.org\/es\/category\/boletines\/\">Boletines<\/a>\n<\/li>\n\t<li class=\"cat-item cat-item-48\"><a href=\"https:\/\/jccltrg.org\/es\/category\/boletines-es\/\">Boletines<\/a>\n<\/li>\n\t<li class=\"cat-item cat-item-98\"><a href=\"https:\/\/jccltrg.org\/es\/category\/blog-es\/comprender-la-jerga-de-la-vivienda\/\">Comprender la jerga de la vivienda<\/a>\n<\/li>\n\t<li class=\"cat-item cat-item-100\"><a href=\"https:\/\/jccltrg.org\/es\/category\/blog-es\/del-director-ejecutivo\/\">Del Director Ejecutivo<\/a>\n<\/li>\n\t<li class=\"cat-item cat-item-25\"><a href=\"https:\/\/jccltrg.org\/es\/category\/eventos\/\">Eventos<\/a>\n<\/li>\n\t<li class=\"cat-item cat-item-23\"><a href=\"https:\/\/jccltrg.org\/es\/category\/progreso\/\">Progreso<\/a>\n<\/li>\n\t<li class=\"cat-item cat-item-15\"><a href=\"https:\/\/jccltrg.org\/es\/category\/sin-categorizar\/\">Sin categorizar<\/a>\n<\/li>\n\t<li class=\"cat-item cat-item-97\"><a href=\"https:\/\/jccltrg.org\/es\/category\/vivienda\/\">Vivienda<\/a>\n<\/li>\n\t\t\t<\/ul>\n\n\t\t\t<\/nav>\t\t\t\t<\/div>\n\t\t\t\t<\/div>\n\t\t\t\t<div class=\"elementor-element elementor-element-7e4f8a5c elementor-widget elementor-widget-wp-widget-archives\" data-id=\"7e4f8a5c\" data-element_type=\"widget\" data-e-type=\"widget\" data-widget_type=\"wp-widget-archives.default\">\n\t\t\t\t<div class=\"elementor-widget-container\">\n\t\t\t\t\t<h5>Archivos<\/h5>\t\t<label class=\"screen-reader-text\" for=\"archives-dropdown-REPLACE_TO_ID\">Archivos<\/label>\n\t\t<select id=\"archives-dropdown-REPLACE_TO_ID\" name=\"archive-dropdown\">\n\t\t\t\n\t\t\t<option value=\"\">Elegir el mes<\/option>\n\t\t\t\t<option value='https:\/\/jccltrg.org\/es\/2025\/04\/'> abril 2025 <\/option>\n\t<option value='https:\/\/jccltrg.org\/es\/2025\/01\/'> enero 2025 <\/option>\n\t<option value='https:\/\/jccltrg.org\/es\/2024\/10\/'> octubre 2024 <\/option>\n\t<option value='https:\/\/jccltrg.org\/es\/2024\/07\/'> julio 2024 <\/option>\n\t<option value='https:\/\/jccltrg.org\/es\/2024\/06\/'> junio 2024 <\/option>\n\t<option value='https:\/\/jccltrg.org\/es\/2024\/03\/'> marzo 2024 <\/option>\n\t<option value='https:\/\/jccltrg.org\/es\/2024\/02\/'> febrero 2024 <\/option>\n\t<option value='https:\/\/jccltrg.org\/es\/2023\/10\/'> octubre 2023 <\/option>\n\t<option value='https:\/\/jccltrg.org\/es\/2023\/06\/'> junio 2023 <\/option>\n\t<option value='https:\/\/jccltrg.org\/es\/2023\/04\/'> abril 2023 <\/option>\n\t<option value='https:\/\/jccltrg.org\/es\/2022\/12\/'> diciembre 2022 <\/option>\n\t<option value='https:\/\/jccltrg.org\/es\/2022\/10\/'> octubre 2022 <\/option>\n\t<option value='https:\/\/jccltrg.org\/es\/2022\/09\/'> septiembre 2022 <\/option>\n\t<option value='https:\/\/jccltrg.org\/es\/2022\/07\/'> julio 2022 <\/option>\n\t<option value='https:\/\/jccltrg.org\/es\/2022\/05\/'> mayo 2022 <\/option>\n\t<option value='https:\/\/jccltrg.org\/es\/2022\/04\/'> abril 2022 <\/option>\n\t<option value='https:\/\/jccltrg.org\/es\/2022\/03\/'> marzo 2022 <\/option>\n\t<option value='https:\/\/jccltrg.org\/es\/2022\/01\/'> enero 2022 <\/option>\n\t<option value='https:\/\/jccltrg.org\/es\/2021\/12\/'> diciembre 2021 <\/option>\n\t<option value='https:\/\/jccltrg.org\/es\/2021\/10\/'> octubre 2021 <\/option>\n\t<option value='https:\/\/jccltrg.org\/es\/2021\/09\/'> septiembre 2021 <\/option>\n\t<option value='https:\/\/jccltrg.org\/es\/2021\/07\/'> julio 2021 <\/option>\n\t<option value='https:\/\/jccltrg.org\/es\/2021\/06\/'> junio 2021 <\/option>\n\t<option value='https:\/\/jccltrg.org\/es\/2021\/05\/'> mayo 2021 <\/option>\n\n\t\t<\/select>\n\n\t\t\t<script>\n(function() {\n\tvar dropdown = document.getElementById( \"archives-dropdown-REPLACE_TO_ID\" );\n\tfunction onSelectChange() {\n\t\tif ( dropdown.options[ dropdown.selectedIndex ].value !== '' ) {\n\t\t\tdocument.location.href = this.options[ this.selectedIndex ].value;\n\t\t}\n\t}\n\tdropdown.onchange = onSelectChange;\n})();\n<\/script>\n\t\t\t\t<\/div>\n\t\t\t\t<\/div>\n\t\t\t\t<div class=\"elementor-element elementor-element-318c825a elementor-widget elementor-widget-heading\" data-id=\"318c825a\" data-element_type=\"widget\" data-e-type=\"widget\" data-widget_type=\"heading.default\">\n\t\t\t\t<div class=\"elementor-widget-container\">\n\t\t\t\t\t<h5 class=\"elementor-heading-title elementor-size-default\">M\u00e1s popular<\/h5>\t\t\t\t<\/div>\n\t\t\t\t<\/div>\n\t\t\t\t<div class=\"elementor-element elementor-element-e2b709a elementor-grid-1 elementor-grid-tablet-1 elementor-grid-mobile-1 elementor-posts--thumbnail-top elementor-widget elementor-widget-posts\" data-id=\"e2b709a\" data-element_type=\"widget\" data-e-type=\"widget\" data-settings=\"{&quot;classic_columns&quot;:&quot;1&quot;,&quot;classic_columns_tablet&quot;:&quot;1&quot;,&quot;classic_columns_mobile&quot;:&quot;1&quot;,&quot;classic_row_gap&quot;:{&quot;unit&quot;:&quot;px&quot;,&quot;size&quot;:35,&quot;sizes&quot;:[]},&quot;classic_row_gap_tablet&quot;:{&quot;unit&quot;:&quot;px&quot;,&quot;size&quot;:&quot;&quot;,&quot;sizes&quot;:[]},&quot;classic_row_gap_mobile&quot;:{&quot;unit&quot;:&quot;px&quot;,&quot;size&quot;:&quot;&quot;,&quot;sizes&quot;:[]}}\" data-widget_type=\"posts.classic\">\n\t\t\t\t<div class=\"elementor-widget-container\">\n\t\t\t\t\t\t\t<div class=\"elementor-posts-container elementor-posts elementor-posts--skin-classic elementor-grid\" role=\"list\">\n\t\t\t\t<article class=\"elementor-post elementor-grid-item post-8934 post type-post status-publish format-standard hentry category-boletines-es\" role=\"listitem\">\n\t\t\t\t<div class=\"elementor-post__text\">\n\t\t\t\t<h3 class=\"elementor-post__title\">\n\t\t\t<a href=\"https:\/\/jccltrg.org\/es\/2025\/04\/04\/edicion-de-finales-de-invierno-de-2025-la-edicion-de-finales-de-invierno-de-2025\/\" >\n\t\t\t\tLate Winter Edition | 2025 &#8211; Edici\u00f3n de Finales de Invierno de | 2025\t\t\t<\/a>\n\t\t<\/h3>\n\t\t\n\t\t<a class=\"elementor-post__read-more\" href=\"https:\/\/jccltrg.org\/es\/2025\/04\/04\/edicion-de-finales-de-invierno-de-2025-la-edicion-de-finales-de-invierno-de-2025\/\" aria-label=\"M\u00e1s informaci\u00f3n sobre Late Winter Edition | 2025 &#8211; Edici\u00f3n de Finales de Invierno de | 2025\" tabindex=\"-1\" >\n\t\t\tLee mas \t\t<\/a>\n\n\t\t\t\t<\/div>\n\t\t\t\t<\/article>\n\t\t\t\t<article class=\"elementor-post elementor-grid-item post-8912 post type-post status-publish format-standard hentry category-comprender-la-jerga-de-la-vivienda\" role=\"listitem\">\n\t\t\t\t<div class=\"elementor-post__text\">\n\t\t\t\t<h3 class=\"elementor-post__title\">\n\t\t\t<a href=\"https:\/\/jccltrg.org\/es\/2025\/04\/04\/comprender-la-jerga-de-la-vivienda-community-land-trusts-y-comunidades-de-propietarios-residentes\/\" >\n\t\t\t\tComprender la jerga de la vivienda: Community Land Trusts y Comunidades de Propietarios Residentes\t\t\t<\/a>\n\t\t<\/h3>\n\t\t\n\t\t<a class=\"elementor-post__read-more\" href=\"https:\/\/jccltrg.org\/es\/2025\/04\/04\/comprender-la-jerga-de-la-vivienda-community-land-trusts-y-comunidades-de-propietarios-residentes\/\" aria-label=\"M\u00e1s informaci\u00f3n sobre Comprender la jerga de la vivienda: Community Land Trusts y Comunidades de Propietarios Residentes\" tabindex=\"-1\" >\n\t\t\tLee mas \t\t<\/a>\n\n\t\t\t\t<\/div>\n\t\t\t\t<\/article>\n\t\t\t\t<article class=\"elementor-post elementor-grid-item post-8900 post type-post status-publish format-standard hentry category-comprender-la-jerga-de-la-vivienda\" role=\"listitem\">\n\t\t\t\t<div class=\"elementor-post__text\">\n\t\t\t\t<h3 class=\"elementor-post__title\">\n\t\t\t<a href=\"https:\/\/jccltrg.org\/es\/2025\/04\/04\/comprender-la-jerga-de-la-vivienda-vales-de-eleccion-de-vivienda-de-la-seccion-8-copia\/\" >\n\t\t\t\tComprender la jerga de la vivienda: La vivienda de los trabajadores agr\u00edcolas y su importancia en nuestra comunidad\t\t\t<\/a>\n\t\t<\/h3>\n\t\t\n\t\t<a class=\"elementor-post__read-more\" href=\"https:\/\/jccltrg.org\/es\/2025\/04\/04\/comprender-la-jerga-de-la-vivienda-vales-de-eleccion-de-vivienda-de-la-seccion-8-copia\/\" aria-label=\"M\u00e1s informaci\u00f3n sobre Comprender la jerga de la vivienda: La vivienda de los trabajadores agr\u00edcolas y su importancia en nuestra comunidad\" tabindex=\"-1\" >\n\t\t\tLee mas \t\t<\/a>\n\n\t\t\t\t<\/div>\n\t\t\t\t<\/article>\n\t\t\t\t<article class=\"elementor-post elementor-grid-item post-8857 post type-post status-publish format-standard hentry category-comprender-la-jerga-de-la-vivienda\" role=\"listitem\">\n\t\t\t\t<div class=\"elementor-post__text\">\n\t\t\t\t<h3 class=\"elementor-post__title\">\n\t\t\t<a href=\"https:\/\/jccltrg.org\/es\/2025\/04\/04\/comprender-la-jerga-de-la-vivienda-vales-de-eleccion-de-vivienda-de-la-seccion-8\/\" >\n\t\t\t\tComprender la jerga de la vivienda: Vales de Elecci\u00f3n de Vivienda de la Secci\u00f3n 8\t\t\t<\/a>\n\t\t<\/h3>\n\t\t\n\t\t<a class=\"elementor-post__read-more\" href=\"https:\/\/jccltrg.org\/es\/2025\/04\/04\/comprender-la-jerga-de-la-vivienda-vales-de-eleccion-de-vivienda-de-la-seccion-8\/\" aria-label=\"M\u00e1s informaci\u00f3n sobre Comprender la jerga de la vivienda: Vales de Elecci\u00f3n de Vivienda de la Secci\u00f3n 8\" tabindex=\"-1\" >\n\t\t\tLee mas \t\t<\/a>\n\n\t\t\t\t<\/div>\n\t\t\t\t<\/article>\n\t\t\t\t<article class=\"elementor-post elementor-grid-item post-8818 post type-post status-publish format-standard hentry category-comprender-la-jerga-de-la-vivienda\" role=\"listitem\">\n\t\t\t\t<div class=\"elementor-post__text\">\n\t\t\t\t<h3 class=\"elementor-post__title\">\n\t\t\t<a href=\"https:\/\/jccltrg.org\/es\/2025\/04\/04\/comprender-la-jerga-de-la-vivienda-credito-fiscal-para-viviendas-de-bajos-ingresos-lihtc\/\" >\n\t\t\t\tComprender la jerga de la vivienda: Cr\u00e9dito Fiscal para Viviendas de Bajos Ingresos (LIHTC)\t\t\t<\/a>\n\t\t<\/h3>\n\t\t\n\t\t<a class=\"elementor-post__read-more\" href=\"https:\/\/jccltrg.org\/es\/2025\/04\/04\/comprender-la-jerga-de-la-vivienda-credito-fiscal-para-viviendas-de-bajos-ingresos-lihtc\/\" aria-label=\"M\u00e1s informaci\u00f3n sobre Comprender la jerga de la vivienda: Cr\u00e9dito Fiscal para Viviendas de Bajos Ingresos (LIHTC)\" tabindex=\"-1\" >\n\t\t\tLee mas \t\t<\/a>\n\n\t\t\t\t<\/div>\n\t\t\t\t<\/article>\n\t\t\t\t<\/div>\n\t\t\n\t\t\t\t\t\t<\/div>\n\t\t\t\t<\/div>\n\t\t\t\t\t<\/div>\n\t\t<\/div>\n\t\t\t\t\t<\/div>\n\t\t<\/section>\n\t\t\t\t<\/div>\n\t\t","protected":false},"excerpt":{"rendered":"<p>Compartir con Share on facebook Share on twitter Share on linkedin Share on whatsapp M\u00e1s popular<\/p>\n","protected":false},"author":2,"featured_media":1362,"parent":808,"menu_order":0,"comment_status":"closed","ping_status":"closed","template":"","meta":{"_eb_attr":"","footnotes":""},"class_list":["post-1421","page","type-page","status-publish","has-post-thumbnail","hentry"],"rttpg_featured_image_url":{"full":["https:\/\/jccltrg.org\/wp-content\/uploads\/2021\/06\/Gazershare-smallfile-scaled.jpg",2560,981,false],"landscape":["https:\/\/jccltrg.org\/wp-content\/uploads\/2021\/06\/Gazershare-smallfile-scaled.jpg",2560,981,false],"portraits":["https:\/\/jccltrg.org\/wp-content\/uploads\/2021\/06\/Gazershare-smallfile-scaled.jpg",2560,981,false],"thumbnail":["https:\/\/jccltrg.org\/wp-content\/uploads\/2021\/06\/Gazershare-smallfile-150x150.jpg",150,150,true],"medium":["https:\/\/jccltrg.org\/wp-content\/uploads\/2021\/06\/Gazershare-smallfile-300x115.jpg",300,115,true],"large":["https:\/\/jccltrg.org\/wp-content\/uploads\/2021\/06\/Gazershare-smallfile-1024x393.jpg",800,307,true],"1536x1536":["https:\/\/jccltrg.org\/wp-content\/uploads\/2021\/06\/Gazershare-smallfile-1536x589.jpg",1536,589,true],"2048x2048":["https:\/\/jccltrg.org\/wp-content\/uploads\/2021\/06\/Gazershare-smallfile-2048x785.jpg",2048,785,true]},"rttpg_author":{"display_name":"Caryn Wheeler Clay","author_link":"https:\/\/jccltrg.org\/es\/author\/jccltrg-admin\/"},"rttpg_comment":0,"rttpg_category":"","rttpg_excerpt":"Compartir con Share on facebook Share on twitter Share on linkedin Share on whatsapp M\u00e1s popular","_links":{"self":[{"href":"https:\/\/jccltrg.org\/es\/wp-json\/wp\/v2\/pages\/1421"}],"collection":[{"href":"https:\/\/jccltrg.org\/es\/wp-json\/wp\/v2\/pages"}],"about":[{"href":"https:\/\/jccltrg.org\/es\/wp-json\/wp\/v2\/types\/page"}],"author":[{"embeddable":true,"href":"https:\/\/jccltrg.org\/es\/wp-json\/wp\/v2\/users\/2"}],"replies":[{"embeddable":true,"href":"https:\/\/jccltrg.org\/es\/wp-json\/wp\/v2\/comments?post=1421"}],"version-history":[{"count":4,"href":"https:\/\/jccltrg.org\/es\/wp-json\/wp\/v2\/pages\/1421\/revisions"}],"predecessor-version":[{"id":1473,"href":"https:\/\/jccltrg.org\/es\/wp-json\/wp\/v2\/pages\/1421\/revisions\/1473"}],"up":[{"embeddable":true,"href":"https:\/\/jccltrg.org\/es\/wp-json\/wp\/v2\/pages\/808"}],"wp:featuredmedia":[{"embeddable":true,"href":"https:\/\/jccltrg.org\/es\/wp-json\/wp\/v2\/media\/1362"}],"wp:attachment":[{"href":"https:\/\/jccltrg.org\/es\/wp-json\/wp\/v2\/media?parent=1421"}],"curies":[{"name":"wp","href":"https:\/\/api.w.org\/{rel}","templated":true}]}}