{"id":3224,"date":"2022-05-12T21:58:47","date_gmt":"2022-05-12T21:58:47","guid":{"rendered":"https:\/\/jccltrg.org\/nuestro-equipo\/"},"modified":"2026-03-09T10:22:57","modified_gmt":"2026-03-09T17:22:57","slug":"nuestro-equipo","status":"publish","type":"page","link":"https:\/\/jccltrg.org\/es\/nuestro-equipo\/","title":{"rendered":"Nuestro equipo"},"content":{"rendered":"\t\t<div data-elementor-type=\"wp-page\" data-elementor-id=\"3224\" class=\"elementor elementor-3224 elementor-3198\" data-elementor-post-type=\"page\">\n\t\t\t\t\t\t<section class=\"elementor-section elementor-top-section elementor-element elementor-element-39eb3c8 elementor-section-boxed elementor-section-height-default elementor-section-height-default\" data-id=\"39eb3c8\" data-element_type=\"section\" data-e-type=\"section\">\n\t\t\t\t\t\t<div class=\"elementor-container elementor-column-gap-default\">\n\t\t\t\t\t<div class=\"elementor-column elementor-col-100 elementor-top-column elementor-element elementor-element-c333e07\" data-id=\"c333e07\" data-element_type=\"column\" data-e-type=\"column\">\n\t\t\t<div class=\"elementor-widget-wrap elementor-element-populated\">\n\t\t\t\t\t\t<div class=\"elementor-element elementor-element-7567faf elementor-widget elementor-widget-image\" data-id=\"7567faf\" data-element_type=\"widget\" data-e-type=\"widget\" data-widget_type=\"image.default\">\n\t\t\t\t<div class=\"elementor-widget-container\">\n\t\t\t\t\t\t\t\t\t\t\t\t\t\t\t<img fetchpriority=\"high\" decoding=\"async\" width=\"2560\" height=\"679\" src=\"https:\/\/jccltrg.org\/wp-content\/uploads\/2024\/12\/In-the-News-Billboard-Landscape-7-scaled.jpg\" class=\"attachment-full size-full wp-image-8183\" alt=\"\" srcset=\"https:\/\/jccltrg.org\/wp-content\/uploads\/2024\/12\/In-the-News-Billboard-Landscape-7-scaled.jpg 2560w, https:\/\/jccltrg.org\/wp-content\/uploads\/2024\/12\/In-the-News-Billboard-Landscape-7-300x80.jpg 300w, https:\/\/jccltrg.org\/wp-content\/uploads\/2024\/12\/In-the-News-Billboard-Landscape-7-1024x272.jpg 1024w, https:\/\/jccltrg.org\/wp-content\/uploads\/2024\/12\/In-the-News-Billboard-Landscape-7-768x204.jpg 768w, https:\/\/jccltrg.org\/wp-content\/uploads\/2024\/12\/In-the-News-Billboard-Landscape-7-1536x408.jpg 1536w, https:\/\/jccltrg.org\/wp-content\/uploads\/2024\/12\/In-the-News-Billboard-Landscape-7-2048x543.jpg 2048w\" sizes=\"(max-width: 2560px) 100vw, 2560px\" \/>\t\t\t\t\t\t\t\t\t\t\t\t\t\t\t<\/div>\n\t\t\t\t<\/div>\n\t\t\t\t<div class=\"elementor-element elementor-element-9288d0c elementor-widget elementor-widget-heading\" data-id=\"9288d0c\" data-element_type=\"widget\" data-e-type=\"widget\" data-widget_type=\"heading.default\">\n\t\t\t\t<div class=\"elementor-widget-container\">\n\t\t\t\t\t<h4 class=\"elementor-heading-title elementor-size-default\"><div>Matthew Havniear, Director Ejecutivo<\/div><\/h4>\t\t\t\t<\/div>\n\t\t\t\t<\/div>\n\t\t\t\t<section class=\"elementor-section elementor-inner-section elementor-element elementor-element-7bafaa2 elementor-section-boxed elementor-section-height-default elementor-section-height-default\" data-id=\"7bafaa2\" data-element_type=\"section\" data-e-type=\"section\">\n\t\t\t\t\t\t<div class=\"elementor-container elementor-column-gap-default\">\n\t\t\t\t\t<div class=\"elementor-column elementor-col-50 elementor-inner-column elementor-element elementor-element-08dfcb7\" data-id=\"08dfcb7\" data-element_type=\"column\" data-e-type=\"column\">\n\t\t\t<div class=\"elementor-widget-wrap elementor-element-populated\">\n\t\t\t\t\t\t<div class=\"elementor-element elementor-element-58c60e5 elementor-widget elementor-widget-image\" data-id=\"58c60e5\" data-element_type=\"widget\" data-e-type=\"widget\" data-widget_type=\"image.default\">\n\t\t\t\t<div class=\"elementor-widget-container\">\n\t\t\t\t\t\t\t\t\t\t\t\t\t\t\t<img decoding=\"async\" width=\"768\" height=\"768\" src=\"https:\/\/jccltrg.org\/wp-content\/uploads\/2025\/12\/Untitled-design-768x768.jpg\" class=\"attachment-medium_large size-medium_large wp-image-9387\" alt=\"\" srcset=\"https:\/\/jccltrg.org\/wp-content\/uploads\/2025\/12\/Untitled-design-768x768.jpg 768w, https:\/\/jccltrg.org\/wp-content\/uploads\/2025\/12\/Untitled-design-300x300.jpg 300w, https:\/\/jccltrg.org\/wp-content\/uploads\/2025\/12\/Untitled-design-1024x1024.jpg 1024w, https:\/\/jccltrg.org\/wp-content\/uploads\/2025\/12\/Untitled-design-150x150.jpg 150w, https:\/\/jccltrg.org\/wp-content\/uploads\/2025\/12\/Untitled-design-1536x1536.jpg 1536w, https:\/\/jccltrg.org\/wp-content\/uploads\/2025\/12\/Untitled-design-2048x2048.jpg 2048w\" sizes=\"(max-width: 768px) 100vw, 768px\" \/>\t\t\t\t\t\t\t\t\t\t\t\t\t\t\t<\/div>\n\t\t\t\t<\/div>\n\t\t\t\t\t<\/div>\n\t\t<\/div>\n\t\t\t\t<div class=\"elementor-column elementor-col-50 elementor-inner-column elementor-element elementor-element-09b7aeb\" data-id=\"09b7aeb\" data-element_type=\"column\" data-e-type=\"column\">\n\t\t\t<div class=\"elementor-widget-wrap elementor-element-populated\">\n\t\t\t\t\t\t<div class=\"elementor-element elementor-element-dd8eff1 elementor-widget elementor-widget-text-editor\" data-id=\"dd8eff1\" data-element_type=\"widget\" data-e-type=\"widget\" data-widget_type=\"text-editor.default\">\n\t\t\t\t<div class=\"elementor-widget-container\">\n\t\t\t\t\t\t\t\t\t<p>Matthew Havniear, MBA, es Director Ejecutivo del Grupo de Recuperaci\u00f3n a Largo Plazo de la Comunidad del Condado de Jackson (JCC LTRG) y de las Organizaciones Comunitarias Activas en Cat\u00e1strofes del Valle Rogue (RV COAD), donde dirige la recuperaci\u00f3n a largo plazo en caso de cat\u00e1strofe y coordina los esfuerzos intersectoriales de activaci\u00f3n en caso de cat\u00e1strofe en todo el sur de Oreg\u00f3n.<\/p><p>Antiguo Suboficial del Cuerpo de Marines de EE.UU., aporta m\u00e1s de dos d\u00e9cadas de experiencia en liderazgo que abarca la respuesta a emergencias, la recuperaci\u00f3n tras cat\u00e1strofes, la estabilizaci\u00f3n de viviendas y los servicios a veteranos. Antes de su cargo actual, desarroll\u00f3 y gestion\u00f3 programas de estabilizaci\u00f3n de viviendas y gesti\u00f3n de casos para supervivientes de incendios forestales, dirigi\u00f3 programas residenciales y ambulatorios de viviendas de transici\u00f3n, y trabaj\u00f3 como Director Regional de Operaciones de Campo, gestionando operaciones de despliegue en caso de cat\u00e1strofe en todo el noroeste del Pac\u00edfico, al tiempo que apoyaba las respuestas nacionales ante cat\u00e1strofes.  <br><br>Matthew tiene un m\u00e1ster en Administraci\u00f3n de Empresas con especializaci\u00f3n en An\u00e1lisis de la Informaci\u00f3n y Toma de Decisiones, y una licenciatura en Innovaci\u00f3n y Liderazgo con especializaci\u00f3n en Comunicaci\u00f3n, por la Universidad del Sur de Oreg\u00f3n, y est\u00e1 certificado en Gesti\u00f3n de Proyectos por la Universidad de Oreg\u00f3n.<\/p>\t\t\t\t\t\t\t\t<\/div>\n\t\t\t\t<\/div>\n\t\t\t\t\t<\/div>\n\t\t<\/div>\n\t\t\t\t\t<\/div>\n\t\t<\/section>\n\t\t\t\t<div class=\"elementor-element elementor-element-f8f0e99 elementor-widget elementor-widget-spacer\" data-id=\"f8f0e99\" data-element_type=\"widget\" data-e-type=\"widget\" data-widget_type=\"spacer.default\">\n\t\t\t\t<div class=\"elementor-widget-container\">\n\t\t\t\t\t\t\t<div class=\"elementor-spacer\">\n\t\t\t<div class=\"elementor-spacer-inner\"><\/div>\n\t\t<\/div>\n\t\t\t\t\t\t<\/div>\n\t\t\t\t<\/div>\n\t\t\t\t\t<\/div>\n\t\t<\/div>\n\t\t\t\t\t<\/div>\n\t\t<\/section>\n\t\t\t\t<section class=\"elementor-section elementor-top-section elementor-element elementor-element-0c3a354 elementor-section-boxed elementor-section-height-default elementor-section-height-default\" data-id=\"0c3a354\" data-element_type=\"section\" data-e-type=\"section\">\n\t\t\t\t\t\t<div class=\"elementor-container elementor-column-gap-default\">\n\t\t\t\t\t<div class=\"elementor-column elementor-col-100 elementor-top-column elementor-element elementor-element-b035903\" data-id=\"b035903\" data-element_type=\"column\" data-e-type=\"column\">\n\t\t\t<div class=\"elementor-widget-wrap elementor-element-populated\">\n\t\t\t\t\t\t<div class=\"elementor-element elementor-element-b689528 elementor-widget elementor-widget-heading\" data-id=\"b689528\" data-element_type=\"widget\" data-e-type=\"widget\" data-widget_type=\"heading.default\">\n\t\t\t\t<div class=\"elementor-widget-container\">\n\t\t\t\t\t<h4 class=\"elementor-heading-title elementor-size-default\">Tessa Elbettar, Directora de Operaciones y Compromiso  <\/h4>\t\t\t\t<\/div>\n\t\t\t\t<\/div>\n\t\t\t\t<section class=\"elementor-section elementor-inner-section elementor-element elementor-element-bf28ab9 elementor-section-boxed elementor-section-height-default elementor-section-height-default\" data-id=\"bf28ab9\" data-element_type=\"section\" data-e-type=\"section\">\n\t\t\t\t\t\t<div class=\"elementor-container elementor-column-gap-default\">\n\t\t\t\t\t<div class=\"elementor-column elementor-col-50 elementor-inner-column elementor-element elementor-element-d32b371\" data-id=\"d32b371\" data-element_type=\"column\" data-e-type=\"column\">\n\t\t\t<div class=\"elementor-widget-wrap elementor-element-populated\">\n\t\t\t\t\t\t<div class=\"elementor-element elementor-element-2431e69 elementor-widget elementor-widget-image\" data-id=\"2431e69\" data-element_type=\"widget\" data-e-type=\"widget\" data-widget_type=\"image.default\">\n\t\t\t\t<div class=\"elementor-widget-container\">\n\t\t\t\t\t\t\t\t\t\t\t\t\t\t\t<img decoding=\"async\" width=\"768\" height=\"768\" src=\"https:\/\/jccltrg.org\/wp-content\/uploads\/2023\/11\/Brown-and-Light-Brown-Circle-Framed-Instagram-Profile-Picture-12-768x768.png\" class=\"attachment-medium_large size-medium_large wp-image-5815\" alt=\"\" srcset=\"https:\/\/jccltrg.org\/wp-content\/uploads\/2023\/11\/Brown-and-Light-Brown-Circle-Framed-Instagram-Profile-Picture-12-768x768.png 768w, https:\/\/jccltrg.org\/wp-content\/uploads\/2023\/11\/Brown-and-Light-Brown-Circle-Framed-Instagram-Profile-Picture-12-300x300.png 300w, https:\/\/jccltrg.org\/wp-content\/uploads\/2023\/11\/Brown-and-Light-Brown-Circle-Framed-Instagram-Profile-Picture-12-150x150.png 150w, https:\/\/jccltrg.org\/wp-content\/uploads\/2023\/11\/Brown-and-Light-Brown-Circle-Framed-Instagram-Profile-Picture-12.png 1000w\" sizes=\"(max-width: 768px) 100vw, 768px\" \/>\t\t\t\t\t\t\t\t\t\t\t\t\t\t\t<\/div>\n\t\t\t\t<\/div>\n\t\t\t\t\t<\/div>\n\t\t<\/div>\n\t\t\t\t<div class=\"elementor-column elementor-col-50 elementor-inner-column elementor-element elementor-element-dd8fac5\" data-id=\"dd8fac5\" data-element_type=\"column\" data-e-type=\"column\">\n\t\t\t<div class=\"elementor-widget-wrap elementor-element-populated\">\n\t\t\t\t\t\t<div class=\"elementor-element elementor-element-b359029 elementor-widget elementor-widget-text-editor\" data-id=\"b359029\" data-element_type=\"widget\" data-e-type=\"widget\" data-widget_type=\"text-editor.default\">\n\t\t\t\t<div class=\"elementor-widget-container\">\n\t\t\t\t\t\t\t\t\t<p>Tessa es una mujer de muchos sombreros que aporta un rico enfoque multidisciplinar a su trabajo de recuperaci\u00f3n y resiliencia de la comunidad.<\/p><p><span style=\"background-color: var( --e-global-color-cbbe01a ); color: var( --e-global-color-text ); font-size: 1rem;\">Nacida y criada en la vibrante ciudad de Los \u00c1ngeles, Tessa se licenci\u00f3 en Bellas Artes en la Escuela del Instituto de Arte de Chicago. Ha llevado su \u00absombrero de exploradora\u00bb (piensa en Indiana Jones) a 28 pa\u00edses, lo que le ha dado una perspectiva global que enriquece su trabajo.<\/span><\/p><p><span style=\"background-color: var( --e-global-color-cbbe01a ); color: var( --e-global-color-text ); font-size: 1rem;\">Tessa se gan\u00f3 su \u00abgorra de pensar\u00bb como Cofundadora y Directora de Programas en Shift Happens Volunteers, una  <\/span><span style=\"color: var( --e-global-color-text ); font-size: 1rem; background-color: var( --e-global-color-cbbe01a );\">empresa de coordinaci\u00f3n de voluntarios de festivales y eventos en directo. Apoy\u00f3 el crecimiento de la empresa hasta convertirla en un equipo ampliado que ejecuta 10 programas de voluntariado al a\u00f1o.  <\/span><span style=\"background-color: var( --e-global-color-cbbe01a ); color: var( --e-global-color-text ); font-size: 1rem;\">A trav\u00e9s de este trabajo, desarroll\u00f3 un don para resolver complejos retos operativos.<\/span><\/p><p>A Tessa le apasiona servir al Valle de Rogue mediante la colaboraci\u00f3n entre organizaciones y la planificaci\u00f3n a largo plazo en todo el ciclo de servicios de cat\u00e1strofes.<\/p>\t\t\t\t\t\t\t\t<\/div>\n\t\t\t\t<\/div>\n\t\t\t\t\t<\/div>\n\t\t<\/div>\n\t\t\t\t\t<\/div>\n\t\t<\/section>\n\t\t\t\t<div class=\"elementor-element elementor-element-6dd9e25 elementor-widget elementor-widget-spacer\" data-id=\"6dd9e25\" data-element_type=\"widget\" data-e-type=\"widget\" data-widget_type=\"spacer.default\">\n\t\t\t\t<div class=\"elementor-widget-container\">\n\t\t\t\t\t\t\t<div class=\"elementor-spacer\">\n\t\t\t<div class=\"elementor-spacer-inner\"><\/div>\n\t\t<\/div>\n\t\t\t\t\t\t<\/div>\n\t\t\t\t<\/div>\n\t\t\t\t\t<\/div>\n\t\t<\/div>\n\t\t\t\t\t<\/div>\n\t\t<\/section>\n\t\t\t\t<section class=\"elementor-section elementor-top-section elementor-element elementor-element-a026d58 elementor-section-boxed elementor-section-height-default elementor-section-height-default\" data-id=\"a026d58\" data-element_type=\"section\" data-e-type=\"section\">\n\t\t\t\t\t\t<div class=\"elementor-container elementor-column-gap-default\">\n\t\t\t\t\t<div class=\"elementor-column elementor-col-100 elementor-top-column elementor-element elementor-element-e1a6fb1\" data-id=\"e1a6fb1\" data-element_type=\"column\" data-e-type=\"column\">\n\t\t\t<div class=\"elementor-widget-wrap elementor-element-populated\">\n\t\t\t\t\t\t<div class=\"elementor-element elementor-element-34794a1 elementor-widget elementor-widget-heading\" data-id=\"34794a1\" data-element_type=\"widget\" data-e-type=\"widget\" data-widget_type=\"heading.default\">\n\t\t\t\t<div class=\"elementor-widget-container\">\n\t\t\t\t\t<h4 class=\"elementor-heading-title elementor-size-default\">Krista Palmer, Especialista en Apoyo Administrativo y de Programas  <\/h4>\t\t\t\t<\/div>\n\t\t\t\t<\/div>\n\t\t\t\t<section class=\"elementor-section elementor-inner-section elementor-element elementor-element-1d1b0b9 elementor-section-boxed elementor-section-height-default elementor-section-height-default\" data-id=\"1d1b0b9\" data-element_type=\"section\" data-e-type=\"section\">\n\t\t\t\t\t\t<div class=\"elementor-container elementor-column-gap-default\">\n\t\t\t\t\t<div class=\"elementor-column elementor-col-50 elementor-inner-column elementor-element elementor-element-cca59fb\" data-id=\"cca59fb\" data-element_type=\"column\" data-e-type=\"column\">\n\t\t\t<div class=\"elementor-widget-wrap elementor-element-populated\">\n\t\t\t\t\t\t<div class=\"elementor-element elementor-element-204eeae elementor-widget elementor-widget-image\" data-id=\"204eeae\" data-element_type=\"widget\" data-e-type=\"widget\" data-widget_type=\"image.default\">\n\t\t\t\t<div class=\"elementor-widget-container\">\n\t\t\t\t\t\t\t\t\t\t\t\t\t\t\t<img loading=\"lazy\" decoding=\"async\" width=\"768\" height=\"768\" src=\"https:\/\/jccltrg.org\/wp-content\/uploads\/2026\/03\/Brown-and-Light-Brown-Circle-Framed-Instagram-Profile-Picture-8-768x768.png\" class=\"attachment-medium_large size-medium_large wp-image-9449\" alt=\"\" srcset=\"https:\/\/jccltrg.org\/wp-content\/uploads\/2026\/03\/Brown-and-Light-Brown-Circle-Framed-Instagram-Profile-Picture-8-768x768.png 768w, https:\/\/jccltrg.org\/wp-content\/uploads\/2026\/03\/Brown-and-Light-Brown-Circle-Framed-Instagram-Profile-Picture-8-300x300.png 300w, https:\/\/jccltrg.org\/wp-content\/uploads\/2026\/03\/Brown-and-Light-Brown-Circle-Framed-Instagram-Profile-Picture-8-150x150.png 150w, https:\/\/jccltrg.org\/wp-content\/uploads\/2026\/03\/Brown-and-Light-Brown-Circle-Framed-Instagram-Profile-Picture-8.png 1000w\" sizes=\"(max-width: 768px) 100vw, 768px\" \/>\t\t\t\t\t\t\t\t\t\t\t\t\t\t\t<\/div>\n\t\t\t\t<\/div>\n\t\t\t\t\t<\/div>\n\t\t<\/div>\n\t\t\t\t<div class=\"elementor-column elementor-col-50 elementor-inner-column elementor-element elementor-element-70893a4\" data-id=\"70893a4\" data-element_type=\"column\" data-e-type=\"column\">\n\t\t\t<div class=\"elementor-widget-wrap elementor-element-populated\">\n\t\t\t\t\t\t<div class=\"elementor-element elementor-element-db9b352 elementor-widget elementor-widget-text-editor\" data-id=\"db9b352\" data-element_type=\"widget\" data-e-type=\"widget\" data-widget_type=\"text-editor.default\">\n\t\t\t\t<div class=\"elementor-widget-container\">\n\t\t\t\t\t\t\t\t\t<p>Krista aporta a su cargo en el Grupo de Recuperaci\u00f3n a Largo Plazo del Condado de Jackson una s\u00f3lida experiencia en liderazgo, coordinaci\u00f3n y colaboraci\u00f3n centrada en la comunidad. Recientemente, fue Directora Ejecutiva de Sunstone Housing Collaborative, donde apoy\u00f3 iniciativas de vivienda impulsadas por la misi\u00f3n mediante una organizaci\u00f3n bien pensada, una comunicaci\u00f3n clara y la creaci\u00f3n de asociaciones multisectoriales. <\/p><p>El trabajo de Krista se basa en el principio de justicia ocupacional, la creencia de que las personas necesitan condiciones estables, incluida la vivienda y el apoyo comunitario, para participar plenamente en la vida cotidiana. Esta perspectiva se alinea estrechamente con los esfuerzos de recuperaci\u00f3n a largo plazo, que dependen de la confianza, la coordinaci\u00f3n y el apoyo administrativo sostenido mucho despu\u00e9s de que hayan finalizado los esfuerzos de respuesta inmediata. <\/p><p>Conocida por su enfoque tranquilo y firme, Krista valora la fiabilidad, el seguimiento, la conexi\u00f3n personal y la colaboraci\u00f3n en la resoluci\u00f3n de problemas. Est\u00e1 comprometida con el fortalecimiento de los sistemas que ayudan a las personas y a las familias a recuperar la estabilidad y la capacidad de recuperaci\u00f3n, y se siente honrada de apoyar el trabajo de recuperaci\u00f3n que se est\u00e1 llevando a cabo en el condado de Jackson. <\/p>\t\t\t\t\t\t\t\t<\/div>\n\t\t\t\t<\/div>\n\t\t\t\t\t<\/div>\n\t\t<\/div>\n\t\t\t\t\t<\/div>\n\t\t<\/section>\n\t\t\t\t<div class=\"elementor-element elementor-element-504c5fc elementor-widget elementor-widget-spacer\" data-id=\"504c5fc\" data-element_type=\"widget\" data-e-type=\"widget\" data-widget_type=\"spacer.default\">\n\t\t\t\t<div class=\"elementor-widget-container\">\n\t\t\t\t\t\t\t<div class=\"elementor-spacer\">\n\t\t\t<div class=\"elementor-spacer-inner\"><\/div>\n\t\t<\/div>\n\t\t\t\t\t\t<\/div>\n\t\t\t\t<\/div>\n\t\t\t\t\t<\/div>\n\t\t<\/div>\n\t\t\t\t\t<\/div>\n\t\t<\/section>\n\t\t\t\t<\/div>\n\t\t","protected":false},"excerpt":{"rendered":"<p>Matthew Havniear, Director Ejecutivo Matthew Havniear, MBA, es Director Ejecutivo del Grupo de Recuperaci\u00f3n a Largo Plazo de la Comunidad del Condado de Jackson (JCC LTRG) y de las Organizaciones Comunitarias Activas en Cat\u00e1strofes del Valle Rogue (RV COAD), donde dirige la recuperaci\u00f3n a largo plazo en caso de cat\u00e1strofe y coordina los esfuerzos intersectoriales [&hellip;]<\/p>\n","protected":false},"author":2,"featured_media":0,"parent":0,"menu_order":0,"comment_status":"closed","ping_status":"closed","template":"","meta":{"_eb_attr":"","footnotes":""},"class_list":["post-3224","page","type-page","status-publish","hentry"],"rttpg_featured_image_url":null,"rttpg_author":{"display_name":"Caryn Wheeler Clay","author_link":"https:\/\/jccltrg.org\/es\/author\/jccltrg-admin\/"},"rttpg_comment":0,"rttpg_category":" <a href=\"https:\/\/jccltrg.org\/es\/?taxonomy=translation_priority&#038;term=opcional\" rel=\"tag\">Opcional<\/a>","rttpg_excerpt":"Matthew Havniear, Director Ejecutivo Matthew Havniear, MBA, es Director Ejecutivo del Grupo de Recuperaci\u00f3n a Largo Plazo de la Comunidad del Condado de Jackson (JCC LTRG) y de las Organizaciones Comunitarias Activas en Cat\u00e1strofes del Valle Rogue (RV COAD), donde dirige la recuperaci\u00f3n a largo plazo en caso de cat\u00e1strofe y coordina los esfuerzos intersectoriales&hellip;","_links":{"self":[{"href":"https:\/\/jccltrg.org\/es\/wp-json\/wp\/v2\/pages\/3224"}],"collection":[{"href":"https:\/\/jccltrg.org\/es\/wp-json\/wp\/v2\/pages"}],"about":[{"href":"https:\/\/jccltrg.org\/es\/wp-json\/wp\/v2\/types\/page"}],"author":[{"embeddable":true,"href":"https:\/\/jccltrg.org\/es\/wp-json\/wp\/v2\/users\/2"}],"replies":[{"embeddable":true,"href":"https:\/\/jccltrg.org\/es\/wp-json\/wp\/v2\/comments?post=3224"}],"version-history":[{"count":19,"href":"https:\/\/jccltrg.org\/es\/wp-json\/wp\/v2\/pages\/3224\/revisions"}],"predecessor-version":[{"id":9453,"href":"https:\/\/jccltrg.org\/es\/wp-json\/wp\/v2\/pages\/3224\/revisions\/9453"}],"wp:attachment":[{"href":"https:\/\/jccltrg.org\/es\/wp-json\/wp\/v2\/media?parent=3224"}],"curies":[{"name":"wp","href":"https:\/\/api.w.org\/{rel}","templated":true}]}}