{"id":449,"date":"2021-05-06T23:00:29","date_gmt":"2021-05-06T23:00:29","guid":{"rendered":"https:\/\/jccltrg.org\/inicio-2\/"},"modified":"2025-12-18T17:54:42","modified_gmt":"2025-12-19T00:54:42","slug":"inicio","status":"publish","type":"page","link":"https:\/\/jccltrg.org\/es\/","title":{"rendered":"Inicio"},"content":{"rendered":"\t\t<div data-elementor-type=\"wp-page\" data-elementor-id=\"449\" class=\"elementor elementor-449 elementor-447\" data-elementor-post-type=\"page\">\n\t\t\t\t\t\t<section class=\"elementor-section elementor-top-section elementor-element elementor-element-8d32a90 elementor-section-height-min-height elementor-section-items-bottom elementor-section-boxed elementor-section-height-default\" data-id=\"8d32a90\" data-element_type=\"section\" data-e-type=\"section\" data-settings=\"{&quot;background_background&quot;:&quot;slideshow&quot;,&quot;background_slideshow_gallery&quot;:[{&quot;id&quot;:9197,&quot;url&quot;:&quot;https:\\\/\\\/jccltrg.org\\\/wp-content\\\/uploads\\\/2025\\\/08\\\/IMG_9218.jpg&quot;},{&quot;id&quot;:6120,&quot;url&quot;:&quot;https:\\\/\\\/jccltrg.org\\\/wp-content\\\/uploads\\\/2024\\\/02\\\/IMG_5417.jpg&quot;},{&quot;id&quot;:9397,&quot;url&quot;:&quot;https:\\\/\\\/jccltrg.org\\\/wp-content\\\/uploads\\\/2025\\\/12\\\/12_2025_JCCTLRG_GabrielRamirezPhotos-15.jpg&quot;},{&quot;id&quot;:4858,&quot;url&quot;:&quot;https:\\\/\\\/jccltrg.org\\\/wp-content\\\/uploads\\\/2023\\\/07\\\/IMG_7351-scaled.jpg&quot;},{&quot;id&quot;:9401,&quot;url&quot;:&quot;https:\\\/\\\/jccltrg.org\\\/wp-content\\\/uploads\\\/2025\\\/12\\\/12_2025_JCCTLRG_GabrielRamirezPhotos-57.jpg&quot;},{&quot;id&quot;:9399,&quot;url&quot;:&quot;https:\\\/\\\/jccltrg.org\\\/wp-content\\\/uploads\\\/2025\\\/12\\\/12_2025_JCCTLRG_GabrielRamirezPhotos-80.jpg&quot;},{&quot;id&quot;:6116,&quot;url&quot;:&quot;https:\\\/\\\/jccltrg.org\\\/wp-content\\\/uploads\\\/2024\\\/02\\\/IMG_5321.jpg&quot;},{&quot;id&quot;:4853,&quot;url&quot;:&quot;https:\\\/\\\/jccltrg.org\\\/wp-content\\\/uploads\\\/2023\\\/07\\\/IMG_7390.jpg&quot;},{&quot;id&quot;:6124,&quot;url&quot;:&quot;https:\\\/\\\/jccltrg.org\\\/wp-content\\\/uploads\\\/2024\\\/02\\\/IMG_5432.jpg&quot;},{&quot;id&quot;:9215,&quot;url&quot;:&quot;https:\\\/\\\/jccltrg.org\\\/wp-content\\\/uploads\\\/2025\\\/08\\\/IMG_9909-1.jpg&quot;},{&quot;id&quot;:6118,&quot;url&quot;:&quot;https:\\\/\\\/jccltrg.org\\\/wp-content\\\/uploads\\\/2024\\\/02\\\/IMG_5337.jpg&quot;},{&quot;id&quot;:6122,&quot;url&quot;:&quot;https:\\\/\\\/jccltrg.org\\\/wp-content\\\/uploads\\\/2024\\\/02\\\/IMG_5426.jpg&quot;},{&quot;id&quot;:9181,&quot;url&quot;:&quot;https:\\\/\\\/jccltrg.org\\\/wp-content\\\/uploads\\\/2025\\\/08\\\/IMG_9415.jpg&quot;},{&quot;id&quot;:9312,&quot;url&quot;:&quot;https:\\\/\\\/jccltrg.org\\\/wp-content\\\/uploads\\\/2025\\\/08\\\/IMG_7395-1.jpg&quot;},{&quot;id&quot;:6112,&quot;url&quot;:&quot;https:\\\/\\\/jccltrg.org\\\/wp-content\\\/uploads\\\/2024\\\/02\\\/IMG_5301.jpg&quot;},{&quot;id&quot;:6126,&quot;url&quot;:&quot;https:\\\/\\\/jccltrg.org\\\/wp-content\\\/uploads\\\/2024\\\/02\\\/IMG_5499.jpg&quot;},{&quot;id&quot;:9314,&quot;url&quot;:&quot;https:\\\/\\\/jccltrg.org\\\/wp-content\\\/uploads\\\/2025\\\/08\\\/IMG_7399-1.jpg&quot;},{&quot;id&quot;:6114,&quot;url&quot;:&quot;https:\\\/\\\/jccltrg.org\\\/wp-content\\\/uploads\\\/2024\\\/02\\\/IMG_5308.jpg&quot;},{&quot;id&quot;:6128,&quot;url&quot;:&quot;https:\\\/\\\/jccltrg.org\\\/wp-content\\\/uploads\\\/2024\\\/02\\\/IMG_5501.jpg&quot;},{&quot;id&quot;:9179,&quot;url&quot;:&quot;https:\\\/\\\/jccltrg.org\\\/wp-content\\\/uploads\\\/2025\\\/08\\\/IMG_0093.jpg&quot;},{&quot;id&quot;:9305,&quot;url&quot;:&quot;https:\\\/\\\/jccltrg.org\\\/wp-content\\\/uploads\\\/2025\\\/08\\\/IMG_9997-1.jpg&quot;}],&quot;background_slideshow_slide_duration&quot;:2700,&quot;background_slideshow_ken_burns&quot;:&quot;yes&quot;,&quot;background_slideshow_loop&quot;:&quot;yes&quot;,&quot;background_slideshow_slide_transition&quot;:&quot;fade&quot;,&quot;background_slideshow_transition_duration&quot;:500,&quot;background_slideshow_ken_burns_zoom_direction&quot;:&quot;in&quot;}\">\n\t\t\t\t\t\t\t<div class=\"elementor-background-overlay\"><\/div>\n\t\t\t\t\t\t\t<div class=\"elementor-container elementor-column-gap-default\">\n\t\t\t\t\t<div class=\"elementor-column elementor-col-100 elementor-top-column elementor-element elementor-element-4018e03\" data-id=\"4018e03\" data-element_type=\"column\" data-e-type=\"column\" data-settings=\"{&quot;background_background&quot;:&quot;classic&quot;}\">\n\t\t\t<div class=\"elementor-widget-wrap elementor-element-populated\">\n\t\t\t\t\t\t<div class=\"elementor-element elementor-element-cc85dd1 elementor-widget elementor-widget-spacer\" data-id=\"cc85dd1\" data-element_type=\"widget\" data-e-type=\"widget\" data-widget_type=\"spacer.default\">\n\t\t\t\t<div class=\"elementor-widget-container\">\n\t\t\t\t\t\t\t<div class=\"elementor-spacer\">\n\t\t\t<div class=\"elementor-spacer-inner\"><\/div>\n\t\t<\/div>\n\t\t\t\t\t\t<\/div>\n\t\t\t\t<\/div>\n\t\t\t\t<div class=\"elementor-element elementor-element-b349132 elementor-widget elementor-widget-heading\" data-id=\"b349132\" data-element_type=\"widget\" data-e-type=\"widget\" data-widget_type=\"heading.default\">\n\t\t\t\t<div class=\"elementor-widget-container\">\n\t\t\t\t\t<h2 class=\"elementor-heading-title elementor-size-default\">Vecinos trabajando juntos para construir una comunidad resistente, conectada y pr\u00f3spera a la que llamar hogar.<\/h2>\t\t\t\t<\/div>\n\t\t\t\t<\/div>\n\t\t\t\t\t<\/div>\n\t\t<\/div>\n\t\t\t\t\t<\/div>\n\t\t<\/section>\n\t\t\t\t<section class=\"elementor-section elementor-top-section elementor-element elementor-element-bb24da8 elementor-section-height-min-height elementor-section-boxed elementor-section-height-default elementor-section-items-middle\" data-id=\"bb24da8\" data-element_type=\"section\" data-e-type=\"section\">\n\t\t\t\t\t\t<div class=\"elementor-container elementor-column-gap-default\">\n\t\t\t\t\t<div class=\"elementor-column elementor-col-100 elementor-top-column elementor-element elementor-element-071ee09\" data-id=\"071ee09\" data-element_type=\"column\" data-e-type=\"column\">\n\t\t\t<div class=\"elementor-widget-wrap elementor-element-populated\">\n\t\t\t\t\t\t<div class=\"elementor-element elementor-element-1a39154 elementor-widget elementor-widget-text-editor\" data-id=\"1a39154\" data-element_type=\"widget\" data-e-type=\"widget\" data-widget_type=\"text-editor.default\">\n\t\t\t\t<div class=\"elementor-widget-container\">\n\t\t\t\t\t\t\t\t\t<p>El Grupo de Recuperaci\u00f3n a Largo Plazo de la Comunidad del Condado de Jackson (JCC LTRG) se organiz\u00f3 a ra\u00edz de los incendios de Almeda y South Obenchain de 2020.<\/p><p><b>Nuestra Misi\u00f3n <\/b>se basa en las lecciones de la recuperaci\u00f3n para tejer una red de servicios de cat\u00e1strofes equitativa, inclusiva y receptiva mediante la colaboraci\u00f3n, la convocatoria y la defensa.<\/p>\t\t\t\t\t\t\t\t<\/div>\n\t\t\t\t<\/div>\n\t\t\t\t\t<\/div>\n\t\t<\/div>\n\t\t\t\t\t<\/div>\n\t\t<\/section>\n\t\t\t\t<\/div>\n\t\t","protected":false},"excerpt":{"rendered":"<p>Vecinos trabajando juntos para construir una comunidad resistente, conectada y pr\u00f3spera a la que llamar hogar. El Grupo de Recuperaci\u00f3n a Largo Plazo de la Comunidad del Condado de Jackson (JCC LTRG) se organiz\u00f3 a ra\u00edz de los incendios de Almeda y South Obenchain de 2020. Nuestra Misi\u00f3n se basa en las lecciones de la [&hellip;]<\/p>\n","protected":false},"author":1,"featured_media":0,"parent":0,"menu_order":0,"comment_status":"closed","ping_status":"closed","template":"","meta":{"_eb_attr":"","footnotes":""},"class_list":["post-449","page","type-page","status-publish","hentry"],"rttpg_featured_image_url":null,"rttpg_author":{"display_name":"rogue-media","author_link":"https:\/\/jccltrg.org\/es\/author\/rogue-media\/"},"rttpg_comment":0,"rttpg_category":" <a href=\"https:\/\/jccltrg.org\/es\/?taxonomy=translation_priority&#038;term=opcional\" rel=\"tag\">Opcional<\/a>","rttpg_excerpt":"Vecinos trabajando juntos para construir una comunidad resistente, conectada y pr\u00f3spera a la que llamar hogar. El Grupo de Recuperaci\u00f3n a Largo Plazo de la Comunidad del Condado de Jackson (JCC LTRG) se organiz\u00f3 a ra\u00edz de los incendios de Almeda y South Obenchain de 2020. Nuestra Misi\u00f3n se basa en las lecciones de la&hellip;","_links":{"self":[{"href":"https:\/\/jccltrg.org\/es\/wp-json\/wp\/v2\/pages\/449"}],"collection":[{"href":"https:\/\/jccltrg.org\/es\/wp-json\/wp\/v2\/pages"}],"about":[{"href":"https:\/\/jccltrg.org\/es\/wp-json\/wp\/v2\/types\/page"}],"author":[{"embeddable":true,"href":"https:\/\/jccltrg.org\/es\/wp-json\/wp\/v2\/users\/1"}],"replies":[{"embeddable":true,"href":"https:\/\/jccltrg.org\/es\/wp-json\/wp\/v2\/comments?post=449"}],"version-history":[{"count":46,"href":"https:\/\/jccltrg.org\/es\/wp-json\/wp\/v2\/pages\/449\/revisions"}],"predecessor-version":[{"id":9409,"href":"https:\/\/jccltrg.org\/es\/wp-json\/wp\/v2\/pages\/449\/revisions\/9409"}],"wp:attachment":[{"href":"https:\/\/jccltrg.org\/es\/wp-json\/wp\/v2\/media?parent=449"}],"curies":[{"name":"wp","href":"https:\/\/api.w.org\/{rel}","templated":true}]}}