{"id":5104,"date":"2023-08-04T10:08:03","date_gmt":"2023-08-04T17:08:03","guid":{"rendered":"https:\/\/jccltrg.org\/apoyar-el-desarrollo-de-viviendas-de-relleno-para-el-crecimiento-urbano\/"},"modified":"2023-08-08T16:31:13","modified_gmt":"2023-08-08T23:31:13","slug":"apoyar-el-desarrollo-de-viviendas-de-relleno-para-el-crecimiento-urbano","status":"publish","type":"page","link":"https:\/\/jccltrg.org\/es\/apoyar-el-desarrollo-de-viviendas-de-relleno-para-el-crecimiento-urbano\/","title":{"rendered":"Apoyar el desarrollo de viviendas de relleno para el crecimiento urbano"},"content":{"rendered":"\t\t<div data-elementor-type=\"wp-page\" data-elementor-id=\"5104\" class=\"elementor elementor-5104\" data-elementor-post-type=\"page\">\n\t\t\t\t\t\t<section class=\"elementor-section elementor-top-section elementor-element elementor-element-cb9a557 elementor-section-boxed elementor-section-height-default elementor-section-height-default\" data-id=\"cb9a557\" data-element_type=\"section\" data-e-type=\"section\">\n\t\t\t\t\t\t<div class=\"elementor-container elementor-column-gap-default\">\n\t\t\t\t\t<div class=\"elementor-column elementor-col-100 elementor-top-column elementor-element elementor-element-b477282\" data-id=\"b477282\" data-element_type=\"column\" data-e-type=\"column\">\n\t\t\t<div class=\"elementor-widget-wrap elementor-element-populated\">\n\t\t\t\t\t\t<div class=\"elementor-element elementor-element-da98d88 elementor-widget elementor-widget-text-editor\" data-id=\"da98d88\" data-element_type=\"widget\" data-e-type=\"widget\" data-widget_type=\"text-editor.default\">\n\t\t\t\t<div class=\"elementor-widget-container\">\n\t\t\t\t\t\t\t\t\t<p><span style=\"font-weight: 400;\">El objetivo de apoyar la utilizaci\u00f3n del suelo disponible para el desarrollo de viviendas en infill es hacer frente a la expansi\u00f3n urbana, promover el desarrollo sostenible y hacer un uso eficiente de la infraestructura urbana existente. El desarrollo de relleno se refiere al proceso de construcci\u00f3n de nuevas estructuras en terrenos vac\u00edos o infrautilizados dentro de zonas urbanas existentes, normalmente en barrios ya urbanizados. Este planteamiento contrasta con el desarrollo de zonas verdes, donde la nueva construcci\u00f3n tiene lugar en terrenos previamente no urbanizados en la periferia urbana. He aqu\u00ed algunos de los principales objetivos y ventajas de la construcci\u00f3n de viviendas de relleno:<\/span><\/p>\n<\/p>\n<ol>\n<li style=\"font-weight: 400;\" aria-level=\"1\"><b>Utilizaci\u00f3n de las infraestructuras existentes:  <\/b><span style=\"font-weight: 400;\">La urbanizaci\u00f3n de terrenos disponibles en barrios establecidos permite una mejor utilizaci\u00f3n de las infraestructuras existentes, como carreteras, transporte p\u00fablico, agua y sistemas de alcantarillado. Este planteamiento reduce la presi\u00f3n sobre los recursos p\u00fablicos y fomenta el crecimiento sostenible.<\/span><\/li>\n<li style=\"font-weight: 400;\" aria-level=\"1\"><b>Mejorar la transitabilidad y la accesibilidad:  <\/b><span>Las viviendas de relleno suelen dar lugar a barrios m\u00e1s transitables, ya que tienden a estar m\u00e1s cerca de las comodidades y servicios existentes. Esto puede mejorar la calidad de vida de los residentes al reducir la dependencia del autom\u00f3vil y aumentar el acceso a los comercios locales y las zonas de recreo.<\/span><\/li>\n<li style=\"font-weight: 400;\" aria-level=\"1\"><b>Apoyar el desarrollo de usos mixtos:<\/b><span>  Los proyectos de relleno suelen fomentar los desarrollos de uso mixto, en los que se combinan espacios residenciales, comerciales y recreativos en la misma zona. As\u00ed se crean barrios vibrantes y din\u00e1micos, que fomentan el sentido de comunidad y reducen la necesidad de largos desplazamientos.<\/span><\/li>\n<li style=\"font-weight: 400;\" aria-level=\"1\"><b>Preservar los espacios abiertos:  <\/b><span>Utilizar los terrenos disponibles dentro de las zonas urbanas existentes ayuda a proteger los espacios abiertos y los h\u00e1bitats naturales fuera de la ciudad. Preservar los espacios verdes puede contribuir a la salud y el bienestar general de los residentes, ofreciendo oportunidades recreativas y mitigando el efecto isla de calor urbano.<\/span><\/li>\n<li style=\"font-weight: 400;\" aria-level=\"1\"><b>Revitalizaci\u00f3n econ\u00f3mica:  <\/b><span>La urbanizaci\u00f3n de relleno puede rejuvenecer los barrios m\u00e1s antiguos, atrayendo a nuevas empresas y residentes a zonas que pueden haber experimentado una desinversi\u00f3n a lo largo del tiempo. Esto puede aumentar el valor de la propiedad y el crecimiento econ\u00f3mico de la ciudad.<\/span><\/li>\n<li style=\"font-weight: 400;\" aria-level=\"1\"><b>Beneficios medioambientales: <\/b><span>Al reurbanizar solares infrautilizados o vac\u00edos, los proyectos de relleno suelen incorporar modernas pr\u00e1cticas de construcci\u00f3n sostenible, tecnolog\u00edas energ\u00e9ticamente eficientes y dise\u00f1os respetuosos con el medio ambiente, lo que reduce el impacto medioambiental global del crecimiento urbano.<\/span><\/li>\n<\/ol>\n<p><span style=\"font-weight: 400;\">Aunque la urbanizaci\u00f3n de relleno ofrece muchas ventajas, tambi\u00e9n plantea retos, como la posible oposici\u00f3n de los residentes, la necesidad de equilibrar la urbanizaci\u00f3n con la conservaci\u00f3n hist\u00f3rica y la garant\u00eda de asequibilidad para una amplia gama de residentes. Una planificaci\u00f3n cuidadosa y el compromiso de la comunidad son esenciales para lograr un desarrollo exitoso de viviendas de relleno que satisfaga las necesidades de los habitantes actuales y futuros.  <\/span><\/p>\n\t\t\t\t\t\t\t\t<\/div>\n\t\t\t\t<\/div>\n\t\t\t\t\t<\/div>\n\t\t<\/div>\n\t\t\t\t\t<\/div>\n\t\t<\/section>\n\t\t\t\t<section class=\"elementor-section elementor-top-section elementor-element elementor-element-c1a74b0 elementor-section-boxed elementor-section-height-default elementor-section-height-default\" data-id=\"c1a74b0\" data-element_type=\"section\" data-e-type=\"section\">\n\t\t\t\t\t\t<div class=\"elementor-container elementor-column-gap-default\">\n\t\t\t\t\t\t<\/div>\n\t\t<\/section>\n\t\t\t\t<\/div>\n\t\t","protected":false},"excerpt":{"rendered":"<p>El objetivo de apoyar la utilizaci\u00f3n del suelo disponible para el desarrollo de viviendas en infill es hacer frente a la expansi\u00f3n urbana, promover el desarrollo sostenible y hacer un uso eficiente de la infraestructura urbana existente. El desarrollo de relleno se refiere al proceso de construcci\u00f3n de nuevas estructuras en terrenos vac\u00edos o infrautilizados [&hellip;]<\/p>\n","protected":false},"author":2,"featured_media":0,"parent":0,"menu_order":0,"comment_status":"closed","ping_status":"closed","template":"","meta":{"_eb_attr":"","footnotes":""},"class_list":["post-5104","page","type-page","status-publish","hentry"],"rttpg_featured_image_url":null,"rttpg_author":{"display_name":"jccltrg-admin","author_link":"https:\/\/jccltrg.org\/es\/author\/jccltrg-admin\/"},"rttpg_comment":0,"rttpg_category":" <a href=\"https:\/\/jccltrg.org\/es\/?taxonomy=translation_priority&#038;term=opcional\" rel=\"tag\">Opcional<\/a>","rttpg_excerpt":"El objetivo de apoyar la utilizaci\u00f3n del suelo disponible para el desarrollo de viviendas en infill es hacer frente a la expansi\u00f3n urbana, promover el desarrollo sostenible y hacer un uso eficiente de la infraestructura urbana existente. El desarrollo de relleno se refiere al proceso de construcci\u00f3n de nuevas estructuras en terrenos vac\u00edos o infrautilizados&hellip;","_links":{"self":[{"href":"https:\/\/jccltrg.org\/es\/wp-json\/wp\/v2\/pages\/5104"}],"collection":[{"href":"https:\/\/jccltrg.org\/es\/wp-json\/wp\/v2\/pages"}],"about":[{"href":"https:\/\/jccltrg.org\/es\/wp-json\/wp\/v2\/types\/page"}],"author":[{"embeddable":true,"href":"https:\/\/jccltrg.org\/es\/wp-json\/wp\/v2\/users\/2"}],"replies":[{"embeddable":true,"href":"https:\/\/jccltrg.org\/es\/wp-json\/wp\/v2\/comments?post=5104"}],"version-history":[{"count":1,"href":"https:\/\/jccltrg.org\/es\/wp-json\/wp\/v2\/pages\/5104\/revisions"}],"predecessor-version":[{"id":5105,"href":"https:\/\/jccltrg.org\/es\/wp-json\/wp\/v2\/pages\/5104\/revisions\/5105"}],"wp:attachment":[{"href":"https:\/\/jccltrg.org\/es\/wp-json\/wp\/v2\/media?parent=5104"}],"curies":[{"name":"wp","href":"https:\/\/api.w.org\/{rel}","templated":true}]}}