{"id":5113,"date":"2023-08-04T10:15:37","date_gmt":"2023-08-04T17:15:37","guid":{"rendered":"https:\/\/jccltrg.org\/opciones-de-vivienda-distribuida-adu\/"},"modified":"2023-08-08T16:30:49","modified_gmt":"2023-08-08T23:30:49","slug":"opciones-de-vivienda-distribuida-adu","status":"publish","type":"page","link":"https:\/\/jccltrg.org\/es\/opciones-de-vivienda-distribuida-adu\/","title":{"rendered":"Opciones de vivienda distribuida (ADU)"},"content":{"rendered":"\t\t<div data-elementor-type=\"wp-page\" data-elementor-id=\"5113\" class=\"elementor elementor-5113\" data-elementor-post-type=\"page\">\n\t\t\t\t\t\t<section class=\"elementor-section elementor-top-section elementor-element elementor-element-cb9a557 elementor-section-boxed elementor-section-height-default elementor-section-height-default\" data-id=\"cb9a557\" data-element_type=\"section\" data-e-type=\"section\">\n\t\t\t\t\t\t<div class=\"elementor-container elementor-column-gap-default\">\n\t\t\t\t\t<div class=\"elementor-column elementor-col-100 elementor-top-column elementor-element elementor-element-b477282\" data-id=\"b477282\" data-element_type=\"column\" data-e-type=\"column\">\n\t\t\t<div class=\"elementor-widget-wrap elementor-element-populated\">\n\t\t\t\t\t\t<div class=\"elementor-element elementor-element-da98d88 elementor-widget elementor-widget-text-editor\" data-id=\"da98d88\" data-element_type=\"widget\" data-e-type=\"widget\" data-widget_type=\"text-editor.default\">\n\t\t\t\t<div class=\"elementor-widget-container\">\n\t\t\t\t\t\t\t\t\t<p><span style=\"font-weight: 400;\">Las opciones de vivienda distribuida, tambi\u00e9n conocidas como unidades de vivienda accesorias (ADU), son unidades de vivienda secundarias situadas en la misma propiedad que la vivienda principal. Pueden estar adosadas (por ejemplo, apartamentos en el s\u00f3tano) o separadas (por ejemplo, casitas en el patio trasero) de la residencia principal. Las ADU han ganado popularidad como medio para hacer frente a la escasez de viviendas y apoyar el crecimiento urbano, manteniendo al mismo tiempo el car\u00e1cter de los barrios existentes. He aqu\u00ed algunas de las ventajas de las ADU y formas de apoyar su implantaci\u00f3n dentro de los l\u00edmites de crecimiento urbano:<\/span><\/p>\n<\/p>\n<p><b>Beneficios de las opciones de vivienda distribuida \/ ADUs:<\/b><\/p>\n<\/p>\n<ol>\n<li style=\"font-weight: 400;\" aria-level=\"1\"><b>Aumento de la oferta de viviendas:  <\/b><span style=\"font-weight: 400;\">Las ADU ofrecen la oportunidad de aumentar la oferta de viviendas en las zonas urbanas sin necesidad de grandes infraestructuras nuevas. Utilizan terrenos e infraestructuras existentes.<\/span><\/li>\n<li style=\"font-weight: 400;\" aria-level=\"1\"><b>Vivienda asequible:<\/b><span>  Las ADU pueden servir como opciones de vivienda m\u00e1s asequibles para inquilinos o posibles propietarios. Suelen ser m\u00e1s asequibles que las viviendas independientes de mayor tama\u00f1o, lo que las hace accesibles a un mayor n\u00famero de personas.<\/span><\/li>\n<li style=\"font-weight: 400;\" aria-level=\"1\"><b>Diversas opciones de vivienda: <\/b><span>Las ADU pueden acomodar una variedad de tama\u00f1os de hogares y demograf\u00eda, haci\u00e9ndolas adecuadas para j\u00f3venes profesionales, familias peque\u00f1as, personas mayores o personas con nidos vac\u00edos.<\/span><\/li>\n<li style=\"font-weight: 400;\" aria-level=\"1\"><b>Beneficios econ\u00f3micos:<\/b><span>  La construcci\u00f3n de ADU puede crear oportunidades econ\u00f3micas para propietarios de viviendas, contratistas y gobiernos locales. Los propietarios de viviendas pueden generar ingresos por alquiler, mientras que las empresas locales se benefician del aumento de la demanda de materiales y servicios de construcci\u00f3n.<\/span><\/li>\n<li style=\"font-weight: 400;\" aria-level=\"1\"><b>Desarrollo urbano sostenible:<\/b><span> Las ADU promueven el desarrollo sostenible fomentando una mayor densidad en los barrios establecidos, reduciendo la necesidad de expansi\u00f3n urbana y los largos desplazamientos.<\/span><\/li>\n<\/ol>\n<p><b>C\u00f3mo apoyar las opciones de vivienda distribuida \/ ADU dentro de los l\u00edmites de crecimiento urbano:<\/b><\/p>\n<ol>\n<li style=\"font-weight: 400;\" aria-level=\"1\"><b>Revisi\u00f3n y actualizaci\u00f3n de las leyes de zonificaci\u00f3n:  <\/b><span style=\"font-weight: 400;\">Los gobiernos locales deber\u00edan revisar y actualizar las normativas de zonificaci\u00f3n para permitir la construcci\u00f3n de ADU dentro de los l\u00edmites de crecimiento urbano. Esto puede incluir el ajuste del tama\u00f1o m\u00ednimo de las parcelas, los retranqueos y los requisitos de aparcamiento para fomentar el desarrollo de ADU.<\/span><\/li>\n<li style=\"font-weight: 400;\" aria-level=\"1\"><b>Agilizaci\u00f3n del proceso de concesi\u00f3n de permisos: <\/b><span>Simplificar y agilizar el proceso de concesi\u00f3n de permisos para ADU para reducir los obst\u00e1culos burocr\u00e1ticos y animar a los propietarios a considerar esta opci\u00f3n.<\/span><\/li>\n<li style=\"font-weight: 400;\" aria-level=\"1\"><b>Incentivos financieros:  <\/b><span>Ofrecer incentivos econ\u00f3micos como exenciones fiscales, pr\u00e9stamos a bajo inter\u00e9s o subvenciones a los propietarios que construyan ADU. Estos incentivos pueden compensar algunos de los costes iniciales y animar a m\u00e1s gente a invertir en la construcci\u00f3n de ADU.<\/span><\/li>\n<li style=\"font-weight: 400;\" aria-level=\"1\"><b>Concienciaci\u00f3n p\u00fablica y educaci\u00f3n:<\/b><span> Llevar a cabo campa\u00f1as de concienciaci\u00f3n p\u00fablica y programas educativos para informar a los propietarios de viviendas sobre los beneficios de las ADU y los pasos necesarios para construirlas.<\/span><\/li>\n<li style=\"font-weight: 400;\" aria-level=\"1\"><b>Directrices de dise\u00f1o:<\/b><span> Establecer directrices de dise\u00f1o para garantizar que las ADU se integren armoniosamente en el vecindario existente, manteniendo al mismo tiempo su funcionalidad y habitabilidad.<\/span><\/li>\n<li style=\"font-weight: 400;\" aria-level=\"1\"><b>Conexiones de servicios p\u00fablicos:<\/b><span> Garantizar que las conexiones de servicios p\u00fablicos para las ADU sean sencillas y rentables, ya que la disponibilidad de servicios p\u00fablicos es esencial para fomentar la construcci\u00f3n de ADU.<\/span><\/li>\n<li style=\"font-weight: 400;\" aria-level=\"1\"><b>Participaci\u00f3n de la comunidad:<\/b><span> Involucrar a la comunidad en el proceso de planificaci\u00f3n para abordar cualquier preocupaci\u00f3n y obtener apoyo para el desarrollo de ADU dentro de los l\u00edmites de crecimiento urbano.<\/span><\/li>\n<li style=\"font-weight: 400;\" aria-level=\"1\"><b>Asociaciones p\u00fablico-privadas: <\/b><span>Colaborar con organizaciones y promotores privados para fomentar la construcci\u00f3n de ADU como parte de sus proyectos de desarrollo de viviendas.<\/span><\/li>\n<li style=\"font-weight: 400;\" aria-level=\"1\"><b>Seguimiento y evaluaci\u00f3n:<\/b><span> Supervisar peri\u00f3dicamente el impacto del desarrollo de ADU en el mercado de la vivienda y la comunidad para hacer los ajustes necesarios a las pol\u00edticas y reglamentos.<\/span><\/li>\n<\/ol>\n<p><span style=\"font-weight: 400;\">Mediante la adopci\u00f3n de estas medidas, los gobiernos locales pueden promover la construcci\u00f3n de ADU y apoyar las opciones de vivienda distribuida dentro de los l\u00edmites de crecimiento urbano, proporcionando m\u00e1s opciones de vivienda y contribuyendo al desarrollo urbano sostenible.<\/span><\/p>\n\t\t\t\t\t\t\t\t<\/div>\n\t\t\t\t<\/div>\n\t\t\t\t\t<\/div>\n\t\t<\/div>\n\t\t\t\t\t<\/div>\n\t\t<\/section>\n\t\t\t\t<section class=\"elementor-section elementor-top-section elementor-element elementor-element-c1a74b0 elementor-section-boxed elementor-section-height-default elementor-section-height-default\" data-id=\"c1a74b0\" data-element_type=\"section\" data-e-type=\"section\">\n\t\t\t\t\t\t<div class=\"elementor-container elementor-column-gap-default\">\n\t\t\t\t\t\t<\/div>\n\t\t<\/section>\n\t\t\t\t<\/div>\n\t\t","protected":false},"excerpt":{"rendered":"<p>Las opciones de vivienda distribuida, tambi\u00e9n conocidas como unidades de vivienda accesorias (ADU), son unidades de vivienda secundarias situadas en la misma propiedad que la vivienda principal. Pueden estar adosadas (por ejemplo, apartamentos en el s\u00f3tano) o separadas (por ejemplo, casitas en el patio trasero) de la residencia principal. Las ADU han ganado popularidad como [&hellip;]<\/p>\n","protected":false},"author":2,"featured_media":0,"parent":0,"menu_order":0,"comment_status":"closed","ping_status":"closed","template":"","meta":{"_eb_attr":"","footnotes":""},"class_list":["post-5113","page","type-page","status-publish","hentry"],"rttpg_featured_image_url":null,"rttpg_author":{"display_name":"jccltrg-admin","author_link":"https:\/\/jccltrg.org\/es\/author\/jccltrg-admin\/"},"rttpg_comment":0,"rttpg_category":" <a href=\"https:\/\/jccltrg.org\/es\/?taxonomy=translation_priority&#038;term=opcional\" rel=\"tag\">Opcional<\/a>","rttpg_excerpt":"Las opciones de vivienda distribuida, tambi\u00e9n conocidas como unidades de vivienda accesorias (ADU), son unidades de vivienda secundarias situadas en la misma propiedad que la vivienda principal. Pueden estar adosadas (por ejemplo, apartamentos en el s\u00f3tano) o separadas (por ejemplo, casitas en el patio trasero) de la residencia principal. Las ADU han ganado popularidad como&hellip;","_links":{"self":[{"href":"https:\/\/jccltrg.org\/es\/wp-json\/wp\/v2\/pages\/5113"}],"collection":[{"href":"https:\/\/jccltrg.org\/es\/wp-json\/wp\/v2\/pages"}],"about":[{"href":"https:\/\/jccltrg.org\/es\/wp-json\/wp\/v2\/types\/page"}],"author":[{"embeddable":true,"href":"https:\/\/jccltrg.org\/es\/wp-json\/wp\/v2\/users\/2"}],"replies":[{"embeddable":true,"href":"https:\/\/jccltrg.org\/es\/wp-json\/wp\/v2\/comments?post=5113"}],"version-history":[{"count":1,"href":"https:\/\/jccltrg.org\/es\/wp-json\/wp\/v2\/pages\/5113\/revisions"}],"predecessor-version":[{"id":5114,"href":"https:\/\/jccltrg.org\/es\/wp-json\/wp\/v2\/pages\/5113\/revisions\/5114"}],"wp:attachment":[{"href":"https:\/\/jccltrg.org\/es\/wp-json\/wp\/v2\/media?parent=5113"}],"curies":[{"name":"wp","href":"https:\/\/api.w.org\/{rel}","templated":true}]}}