{"id":7008,"date":"2024-07-22T10:14:36","date_gmt":"2024-07-22T17:14:36","guid":{"rendered":"https:\/\/jccltrg.org\/2024-registro-de-admision-de-catastrofes-de-los-condados-de-jackson-y-josephine\/"},"modified":"2025-09-30T11:30:45","modified_gmt":"2025-09-30T18:30:45","slug":"2024-registro-de-admision-de-catastrofes-de-los-condados-de-jackson-y-josephine","status":"publish","type":"page","link":"https:\/\/jccltrg.org\/es\/2024-registro-de-admision-de-catastrofes-de-los-condados-de-jackson-y-josephine\/","title":{"rendered":"Registro de Admisi\u00f3n de Cat\u00e1strofes"},"content":{"rendered":"<p><img fetchpriority=\"high\" decoding=\"async\" width=\"2560\" height=\"679\" src=\"https:\/\/jccltrg.org\/wp-content\/uploads\/2024\/12\/In-the-News-Billboard-Landscape-11-scaled.jpg\" alt=\"\" srcset=\"https:\/\/jccltrg.org\/wp-content\/uploads\/2024\/12\/In-the-News-Billboard-Landscape-11-scaled.jpg 2560w, https:\/\/jccltrg.org\/wp-content\/uploads\/2024\/12\/In-the-News-Billboard-Landscape-11-300x80.jpg 300w, https:\/\/jccltrg.org\/wp-content\/uploads\/2024\/12\/In-the-News-Billboard-Landscape-11-1024x272.jpg 1024w, https:\/\/jccltrg.org\/wp-content\/uploads\/2024\/12\/In-the-News-Billboard-Landscape-11-768x204.jpg 768w, https:\/\/jccltrg.org\/wp-content\/uploads\/2024\/12\/In-the-News-Billboard-Landscape-11-1536x408.jpg 1536w, https:\/\/jccltrg.org\/wp-content\/uploads\/2024\/12\/In-the-News-Billboard-Landscape-11-2048x543.jpg 2048w\" sizes=\"(max-width: 2560px) 100vw, 2560px\">\t\t\t\t\t\t\t\t\t\t\t\t\t\t\t<\/p>\n<h3>Sobre el Registro<\/h3>\n<p>El Registro de Admisi\u00f3n de Desastres 2025 de los condados de Jackson y Josephine es una base de datos segura y compartida que ayuda a los organismos locales a coordinar la recuperaci\u00f3n tras una cat\u00e1strofe. Recoge informaci\u00f3n sobre los evacuados en los primeros minutos, d\u00edas y semanas despu\u00e9s de una cat\u00e1strofe y la almacena en un lugar central. Al dar a los organismos de respuesta acceso a los mismos datos, el DIR facilita la conexi\u00f3n de los supervivientes de la cat\u00e1strofe con la ayuda que necesitan.    <\/p>\n<p>El Registro de Admisi\u00f3n de Cat\u00e1strofes es activado por el programa de Organizaciones Comunitarias Activas en Cat\u00e1strofes (RV COAD) del Grupo de Recuperaci\u00f3n a Largo Plazo de la Comunidad del Condado de Jackson cuando se ha hecho una Declaraci\u00f3n Estatal, la p\u00e9rdida de vidas y bienes es inminente y se est\u00e1n estableciendo centros de evacuaci\u00f3n.<\/p>\n<h3>Nuestros principios fundamentales<\/h3>\n<p>Juntos, operamos bajo los siguientes principios fundacionales:<\/p>\n<ol>\n<li><strong>Honrar el valor intr\u00ednseco de todas las personas:<\/strong> Creemos en el valor y la dignidad inherentes a todo individuo.<\/li>\n<li><strong>Coordinar esfuerzos para el acceso:<\/strong> Nos dedicamos a desarrollar y ampliar el acceso a los servicios relacionados con las cat\u00e1strofes para las comunidades desatendidas y las m\u00e1s afectadas por las cat\u00e1strofes.<\/li>\n<li><strong>Divulgaci\u00f3n, Compromiso y Apoyo:<\/strong> Creamos oportunidades de divulgaci\u00f3n, compromiso, conexi\u00f3n y apoyo para construir una comunidad m\u00e1s resistente.<\/li>\n<li><strong>Garantizar que no haya puertas equivocadas:<\/strong> Nos aseguramos de que no haya ninguna puerta equivocada para acceder a los servicios, facilitando que todo el mundo obtenga la ayuda que necesita.<\/li>\n<li><strong>Servicios individualizados y amplios:<\/strong> Reconocemos la necesidad de un apoyo individualizado y ofrecemos una amplia gama de servicios ling\u00fc\u00edstica y culturalmente espec\u00edficos.<\/li>\n<li><strong>Comunidades en red y colaborativas:<\/strong> Respetamos el ciclo vital de las cat\u00e1strofes garantizando que nuestras comunidades est\u00e9n conectadas en red y colaboren antes, durante y despu\u00e9s de las cat\u00e1strofes.<\/li>\n<\/ol>\n<h3>Socios del proyecto<\/h3>\n<ul>\n<li>Grupo de Recuperaci\u00f3n a Largo Plazo de la Comunidad del Condado de Jackson<\/li>\n<li><a href=\"https:\/\/unitedwayofjacksoncounty.org\/\" target=\"_blank\" rel=\"noopener\">United Way del Condado de Jackson<\/a><\/li>\n<li><a href=\"https:\/\/www.roguefoodunites.org\/\" target=\"_blank\" rel=\"noopener\">La comida canalla une<\/a><\/li>\n<li><a href=\"https:\/\/www.rogueactioncenter.org\/\" target=\"_blank\" rel=\"noopener\">Centro de acci\u00f3n de Rogue<\/a><\/li>\n<li><a href=\"https:\/\/firebrandcollective.org\/\" target=\"_blank\" rel=\"noopener\">Colectivo de resiliencia Firebrand<\/a><\/li>\n<li><a href=\"https:\/\/accesshelps.org\/\" target=\"_blank\" rel=\"noopener\">ACCESO<\/a><\/li>\n<li><a href=\"https:\/\/www.tmaconline.org\/\" target=\"_blank\" rel=\"noopener\">Centro Teresa McCormick<\/a><\/li>\n<\/ul>\n<h5>Para obtener m\u00e1s informaci\u00f3n sobre este apasionante proyecto o participar como organizaci\u00f3n, env\u00eda un correo electr\u00f3nico a care@jccltrg.org.<\/h5>\n","protected":false},"excerpt":{"rendered":"<p>Sobre el Registro El Registro de Admisi\u00f3n de Desastres 2025 de los condados de Jackson y Josephine es una base de datos segura y compartida que ayuda a los organismos locales a coordinar la recuperaci\u00f3n tras una cat\u00e1strofe. Recoge informaci\u00f3n sobre los evacuados en los primeros minutos, d\u00edas y semanas despu\u00e9s de una cat\u00e1strofe y [&hellip;]<\/p>\n","protected":false},"author":2,"featured_media":0,"parent":0,"menu_order":0,"comment_status":"closed","ping_status":"closed","template":"","meta":{"_eb_attr":"","footnotes":""},"class_list":["post-7008","page","type-page","status-publish","hentry"],"rttpg_featured_image_url":null,"rttpg_author":{"display_name":"Caryn Wheeler Clay","author_link":"https:\/\/jccltrg.org\/es\/author\/jccltrg-admin\/"},"rttpg_comment":0,"rttpg_category":" <a href=\"https:\/\/jccltrg.org\/es\/?taxonomy=translation_priority&#038;term=opcional\" rel=\"tag\">Opcional<\/a>","rttpg_excerpt":"Sobre el Registro El Registro de Admisi\u00f3n de Desastres 2025 de los condados de Jackson y Josephine es una base de datos segura y compartida que ayuda a los organismos locales a coordinar la recuperaci\u00f3n tras una cat\u00e1strofe. Recoge informaci\u00f3n sobre los evacuados en los primeros minutos, d\u00edas y semanas despu\u00e9s de una cat\u00e1strofe y&hellip;","_links":{"self":[{"href":"https:\/\/jccltrg.org\/es\/wp-json\/wp\/v2\/pages\/7008"}],"collection":[{"href":"https:\/\/jccltrg.org\/es\/wp-json\/wp\/v2\/pages"}],"about":[{"href":"https:\/\/jccltrg.org\/es\/wp-json\/wp\/v2\/types\/page"}],"author":[{"embeddable":true,"href":"https:\/\/jccltrg.org\/es\/wp-json\/wp\/v2\/users\/2"}],"replies":[{"embeddable":true,"href":"https:\/\/jccltrg.org\/es\/wp-json\/wp\/v2\/comments?post=7008"}],"version-history":[{"count":11,"href":"https:\/\/jccltrg.org\/es\/wp-json\/wp\/v2\/pages\/7008\/revisions"}],"predecessor-version":[{"id":9366,"href":"https:\/\/jccltrg.org\/es\/wp-json\/wp\/v2\/pages\/7008\/revisions\/9366"}],"wp:attachment":[{"href":"https:\/\/jccltrg.org\/es\/wp-json\/wp\/v2\/media?parent=7008"}],"curies":[{"name":"wp","href":"https:\/\/api.w.org\/{rel}","templated":true}]}}