{"id":704,"date":"2021-05-13T05:49:51","date_gmt":"2021-05-13T05:49:51","guid":{"rendered":"https:\/\/jccltrg.org\/socios\/"},"modified":"2022-03-29T18:48:27","modified_gmt":"2022-03-29T18:48:27","slug":"socios","status":"publish","type":"page","link":"https:\/\/jccltrg.org\/es\/socios\/","title":{"rendered":"Socios"},"content":{"rendered":"\t\t<div data-elementor-type=\"wp-page\" data-elementor-id=\"704\" class=\"elementor elementor-704 elementor-47\" data-elementor-post-type=\"page\">\n\t\t\t\t\t\t<section class=\"elementor-section elementor-top-section elementor-element elementor-element-eb5c71f elementor-reverse-mobile elementor-section-boxed elementor-section-height-default elementor-section-height-default\" data-id=\"eb5c71f\" data-element_type=\"section\" data-e-type=\"section\">\n\t\t\t\t\t\t<div class=\"elementor-container elementor-column-gap-default\">\n\t\t\t\t\t<div class=\"elementor-column elementor-col-50 elementor-top-column elementor-element elementor-element-17519b7\" data-id=\"17519b7\" data-element_type=\"column\" data-e-type=\"column\">\n\t\t\t<div class=\"elementor-widget-wrap elementor-element-populated\">\n\t\t\t\t\t\t<div class=\"elementor-element elementor-element-1ff4bdc elementor-widget elementor-widget-text-editor\" data-id=\"1ff4bdc\" data-element_type=\"widget\" data-e-type=\"widget\" data-widget_type=\"text-editor.default\">\n\t\t\t\t<div class=\"elementor-widget-container\">\n\t\t\t\t\t\t\t\t\t<p>Caridades Cat\u00f3licas<\/p>\n<p>ACCESO<\/p>\n<p>Primera Iglesia Metodista Unida de Ashland<\/p>\n<p>De La Ra\u00edz<\/p>\n<p>Primera Iglesia Presbiteriana de Ashland<\/p>\n<p>Fundaci\u00f3n Gordon Elwood<\/p>\n<p>H\u00e1bitat para la Humanidad \u2013 Rogue Valley<\/p>\n<p>Coraz\u00f3n en aumento<\/p>\n<p>Conexi\u00f3n de cuidado de Jackson<\/p>\n<p>La Cl\u00ednica<\/p>\n<p>Obras de Innovaci\u00f3n Local<\/p>\n<p>Vivienda LTSST (largo plazo-seguro-corto plazo)<\/p>\n<p>Departamento de Servicios Humanos de Oreg\u00f3n<\/p>\n<p>Conferencia de Oregon-Idaho de la Iglesia Metodista Unida<\/p>\n<p>Universidad Estatal de Oreg\u00f3n &#8211; Centro de Investigaci\u00f3n y Extensi\u00f3n del Sur de Oreg\u00f3n<\/p>\n<p>Centro de acci\u00f3n rebelde<\/p>\n<p>Clima p\u00edcaro<\/p>\n<p>Salud comunitaria rebelde<\/p>\n<p>Organizaciones comunitarias de Rogue Valley activas en desastres<\/p>\n<p>El hogar<\/p>\n<p>La Asociaci\u00f3n sin fines de lucro de Oreg\u00f3n<\/p>\n<p>la YMCA<\/p>\n<p>Comit\u00e9 Metodista Unido de Socorro \u2013 Ministerios Globales de la Iglesia Metodista Unida<\/p>\n<p>United Way del condado de Jackson<\/p>\n<p>Rotario Unido del Sur de Oreg\u00f3n<\/p>\n\t\t\t\t\t\t\t\t<\/div>\n\t\t\t\t<\/div>\n\t\t\t\t\t<\/div>\n\t\t<\/div>\n\t\t\t\t<div class=\"elementor-column elementor-col-50 elementor-top-column elementor-element elementor-element-7bb2b6d\" data-id=\"7bb2b6d\" data-element_type=\"column\" data-e-type=\"column\">\n\t\t\t<div class=\"elementor-widget-wrap elementor-element-populated\">\n\t\t\t\t\t\t<div class=\"elementor-element elementor-element-3a3c502 elementor-widget elementor-widget-gallery\" data-id=\"3a3c502\" data-element_type=\"widget\" data-e-type=\"widget\" data-settings=\"{&quot;gallery_layout&quot;:&quot;masonry&quot;,&quot;columns&quot;:3,&quot;columns_tablet&quot;:3,&quot;columns_mobile&quot;:2,&quot;gap&quot;:{&quot;unit&quot;:&quot;px&quot;,&quot;size&quot;:40,&quot;sizes&quot;:[]},&quot;gap_tablet&quot;:{&quot;unit&quot;:&quot;px&quot;,&quot;size&quot;:20,&quot;sizes&quot;:[]},&quot;gap_mobile&quot;:{&quot;unit&quot;:&quot;px&quot;,&quot;size&quot;:20,&quot;sizes&quot;:[]},&quot;lazyload&quot;:&quot;yes&quot;,&quot;content_hover_animation&quot;:&quot;fade-in&quot;}\" data-widget_type=\"gallery.default\">\n\t\t\t\t<div class=\"elementor-widget-container\">\n\t\t\t\t\t\t\t<div class=\"elementor-gallery__container\">\n\t\t\t\t\t\t\t<div class=\"e-gallery-item elementor-gallery-item elementor-animated-content\">\n\t\t\t\t\t<div class=\"e-gallery-image elementor-gallery-item__image\" data-thumbnail=\"https:\/\/jccltrg.org\/wp-content\/uploads\/2021\/05\/image1.jpg\" data-width=\"324\" data-height=\"50\" aria-label=\"La Clinica\" role=\"img\" ><\/div>\n\t\t\t\t\t\t\t\t\t\t\t\t\t\t<\/div>\n\t\t\t\t\t\t\t<div class=\"e-gallery-item elementor-gallery-item elementor-animated-content\">\n\t\t\t\t\t<div class=\"e-gallery-image elementor-gallery-item__image\" data-thumbnail=\"https:\/\/jccltrg.org\/wp-content\/uploads\/2021\/05\/image2.jpg\" data-width=\"312\" data-height=\"123\" aria-label=\"Hearts\" role=\"img\" ><\/div>\n\t\t\t\t\t\t\t\t\t\t\t\t\t\t<\/div>\n\t\t\t\t\t\t\t<div class=\"e-gallery-item elementor-gallery-item elementor-animated-content\">\n\t\t\t\t\t<div class=\"e-gallery-image elementor-gallery-item__image\" data-thumbnail=\"https:\/\/jccltrg.org\/wp-content\/uploads\/2021\/05\/image4.jpg\" data-width=\"298\" data-height=\"123\" aria-label=\"The Nonprofit Association of Oregon\" role=\"img\" ><\/div>\n\t\t\t\t\t\t\t\t\t\t\t\t\t\t<\/div>\n\t\t\t\t\t\t\t<div class=\"e-gallery-item elementor-gallery-item elementor-animated-content\">\n\t\t\t\t\t<div class=\"e-gallery-image elementor-gallery-item__image\" data-thumbnail=\"https:\/\/jccltrg.org\/wp-content\/uploads\/2021\/05\/image3.jpg\" data-width=\"184\" data-height=\"79\" aria-label=\"Rogue Community Health\" role=\"img\" ><\/div>\n\t\t\t\t\t\t\t\t\t\t\t\t\t\t<\/div>\n\t\t\t\t\t\t\t<div class=\"e-gallery-item elementor-gallery-item elementor-animated-content\">\n\t\t\t\t\t<div class=\"e-gallery-image elementor-gallery-item__image\" data-thumbnail=\"https:\/\/jccltrg.org\/wp-content\/uploads\/2021\/05\/image5.jpg\" data-width=\"233\" data-height=\"193\" aria-label=\"De La Raiz\" role=\"img\" ><\/div>\n\t\t\t\t\t\t\t\t\t\t\t\t\t\t<\/div>\n\t\t\t\t\t\t\t<div class=\"e-gallery-item elementor-gallery-item elementor-animated-content\">\n\t\t\t\t\t<div class=\"e-gallery-image elementor-gallery-item__image\" data-thumbnail=\"https:\/\/jccltrg.org\/wp-content\/uploads\/2021\/05\/image6.jpg\" data-width=\"257\" data-height=\"199\" aria-label=\"United Way of Jackson County\" role=\"img\" ><\/div>\n\t\t\t\t\t\t\t\t\t\t\t\t\t\t<\/div>\n\t\t\t\t\t\t\t<div class=\"e-gallery-item elementor-gallery-item elementor-animated-content\">\n\t\t\t\t\t<div class=\"e-gallery-image elementor-gallery-item__image\" data-thumbnail=\"https:\/\/jccltrg.org\/wp-content\/uploads\/2021\/05\/image7.jpg\" data-width=\"332\" data-height=\"254\" aria-label=\"The YMCA\" role=\"img\" ><\/div>\n\t\t\t\t\t\t\t\t\t\t\t\t\t\t<\/div>\n\t\t\t\t\t\t\t<div class=\"e-gallery-item elementor-gallery-item elementor-animated-content\">\n\t\t\t\t\t<div class=\"e-gallery-image elementor-gallery-item__image\" data-thumbnail=\"https:\/\/jccltrg.org\/wp-content\/uploads\/2021\/05\/image8.png\" data-width=\"246\" data-height=\"123\" aria-label=\"Catholic Charities\" role=\"img\" ><\/div>\n\t\t\t\t\t\t\t\t\t\t\t\t\t\t<\/div>\n\t\t\t\t\t\t\t<div class=\"e-gallery-item elementor-gallery-item elementor-animated-content\">\n\t\t\t\t\t<div class=\"e-gallery-image elementor-gallery-item__image\" data-thumbnail=\"https:\/\/jccltrg.org\/wp-content\/uploads\/2021\/05\/logo1.2-768x560.jpg\" data-width=\"768\" data-height=\"560\" aria-label=\"\" role=\"img\" ><\/div>\n\t\t\t\t\t\t\t\t\t\t\t\t\t\t<\/div>\n\t\t\t\t\t\t\t<div class=\"e-gallery-item elementor-gallery-item elementor-animated-content\">\n\t\t\t\t\t<div class=\"e-gallery-image elementor-gallery-item__image\" data-thumbnail=\"https:\/\/jccltrg.org\/wp-content\/uploads\/2021\/05\/image9.jpg\" data-width=\"502\" data-height=\"284\" aria-label=\"Jackson Care Connect\" role=\"img\" ><\/div>\n\t\t\t\t\t\t\t\t\t\t\t\t\t\t<\/div>\n\t\t\t\t\t\t\t<div class=\"e-gallery-item elementor-gallery-item elementor-animated-content\">\n\t\t\t\t\t<div class=\"e-gallery-image elementor-gallery-item__image\" data-thumbnail=\"https:\/\/jccltrg.org\/wp-content\/uploads\/2021\/05\/image10.png\" data-width=\"316\" data-height=\"68\" aria-label=\"Oregon Idaho Conference\" role=\"img\" ><\/div>\n\t\t\t\t\t\t\t\t\t\t\t\t\t\t<\/div>\n\t\t\t\t\t\t\t<div class=\"e-gallery-item elementor-gallery-item elementor-animated-content\">\n\t\t\t\t\t<div class=\"e-gallery-image elementor-gallery-item__image\" data-thumbnail=\"https:\/\/jccltrg.org\/wp-content\/uploads\/2021\/05\/image11.png\" data-width=\"253\" data-height=\"199\" aria-label=\"RV Coad\" role=\"img\" ><\/div>\n\t\t\t\t\t\t\t\t\t\t\t\t\t\t<\/div>\n\t\t\t\t\t\t\t<div class=\"e-gallery-item elementor-gallery-item elementor-animated-content\">\n\t\t\t\t\t<div class=\"e-gallery-image elementor-gallery-item__image\" data-thumbnail=\"https:\/\/jccltrg.org\/wp-content\/uploads\/2021\/05\/image12.png\" data-width=\"320\" data-height=\"127\" aria-label=\"Rotary Club of Southern Oregon\" role=\"img\" ><\/div>\n\t\t\t\t\t\t\t\t\t\t\t\t\t\t<\/div>\n\t\t\t\t\t\t\t<div class=\"e-gallery-item elementor-gallery-item elementor-animated-content\">\n\t\t\t\t\t<div class=\"e-gallery-image elementor-gallery-item__image\" data-thumbnail=\"https:\/\/jccltrg.org\/wp-content\/uploads\/2021\/05\/image13.png\" data-width=\"541\" data-height=\"126\" aria-label=\"First Presbyterian Church\" role=\"img\" ><\/div>\n\t\t\t\t\t\t\t\t\t\t\t\t\t\t<\/div>\n\t\t\t\t\t\t\t<div class=\"e-gallery-item elementor-gallery-item elementor-animated-content\">\n\t\t\t\t\t<div class=\"e-gallery-image elementor-gallery-item__image\" data-thumbnail=\"https:\/\/jccltrg.org\/wp-content\/uploads\/2021\/05\/image14.png\" data-width=\"353\" data-height=\"104\" aria-label=\"Oregon Dept of Human Services\" role=\"img\" ><\/div>\n\t\t\t\t\t\t\t\t\t\t\t\t\t\t<\/div>\n\t\t\t\t\t\t\t<div class=\"e-gallery-item elementor-gallery-item elementor-animated-content\">\n\t\t\t\t\t<div class=\"e-gallery-image elementor-gallery-item__image\" data-thumbnail=\"https:\/\/jccltrg.org\/wp-content\/uploads\/2021\/05\/image15.png\" data-width=\"413\" data-height=\"110\" aria-label=\"Oregon State University\" role=\"img\" ><\/div>\n\t\t\t\t\t\t\t\t\t\t\t\t\t\t<\/div>\n\t\t\t\t\t\t\t<div class=\"e-gallery-item elementor-gallery-item elementor-animated-content\">\n\t\t\t\t\t<div class=\"e-gallery-image elementor-gallery-item__image\" data-thumbnail=\"https:\/\/jccltrg.org\/wp-content\/uploads\/2021\/05\/image16.png\" data-width=\"367\" data-height=\"367\" aria-label=\"\" role=\"img\" ><\/div>\n\t\t\t\t\t\t\t\t\t\t\t\t\t\t<\/div>\n\t\t\t\t\t\t\t<div class=\"e-gallery-item elementor-gallery-item elementor-animated-content\">\n\t\t\t\t\t<div class=\"e-gallery-image elementor-gallery-item__image\" data-thumbnail=\"https:\/\/jccltrg.org\/wp-content\/uploads\/2021\/05\/image17.png\" data-width=\"534\" data-height=\"224\" aria-label=\"\" role=\"img\" ><\/div>\n\t\t\t\t\t\t\t\t\t\t\t\t\t\t<\/div>\n\t\t\t\t\t\t\t<div class=\"e-gallery-item elementor-gallery-item elementor-animated-content\">\n\t\t\t\t\t<div class=\"e-gallery-image elementor-gallery-item__image\" data-thumbnail=\"https:\/\/jccltrg.org\/wp-content\/uploads\/2021\/05\/image18.png\" data-width=\"600\" data-height=\"600\" aria-label=\"\" role=\"img\" ><\/div>\n\t\t\t\t\t\t\t\t\t\t\t\t\t\t<\/div>\n\t\t\t\t\t\t\t<div class=\"e-gallery-item elementor-gallery-item elementor-animated-content\">\n\t\t\t\t\t<div class=\"e-gallery-image elementor-gallery-item__image\" data-thumbnail=\"https:\/\/jccltrg.org\/wp-content\/uploads\/2021\/05\/image19.png\" data-width=\"407\" data-height=\"269\" aria-label=\"\" role=\"img\" ><\/div>\n\t\t\t\t\t\t\t\t\t\t\t\t\t\t<\/div>\n\t\t\t\t\t\t\t<div class=\"e-gallery-item elementor-gallery-item elementor-animated-content\">\n\t\t\t\t\t<div class=\"e-gallery-image elementor-gallery-item__image\" data-thumbnail=\"https:\/\/jccltrg.org\/wp-content\/uploads\/2021\/05\/image20-768x189.png\" data-width=\"768\" data-height=\"189\" aria-label=\"\" role=\"img\" ><\/div>\n\t\t\t\t\t\t\t\t\t\t\t\t\t\t<\/div>\n\t\t\t\t\t\t\t<div class=\"e-gallery-item elementor-gallery-item elementor-animated-content\">\n\t\t\t\t\t<div class=\"e-gallery-image elementor-gallery-item__image\" data-thumbnail=\"https:\/\/jccltrg.org\/wp-content\/uploads\/2021\/06\/RC-Logo-Portrait-Color.png\" data-width=\"640\" data-height=\"1171\" aria-label=\"\" role=\"img\" ><\/div>\n\t\t\t\t\t\t\t\t\t\t\t\t\t\t<\/div>\n\t\t\t\t\t\t\t<div class=\"e-gallery-item elementor-gallery-item elementor-animated-content\">\n\t\t\t\t\t<div class=\"e-gallery-image elementor-gallery-item__image\" data-thumbnail=\"https:\/\/jccltrg.org\/wp-content\/uploads\/2021\/06\/LTSST-Logo-768x768.png\" data-width=\"768\" data-height=\"768\" aria-label=\"\" role=\"img\" ><\/div>\n\t\t\t\t\t\t\t\t\t\t\t\t\t\t<\/div>\n\t\t\t\t\t\t\t<div class=\"e-gallery-item elementor-gallery-item elementor-animated-content\">\n\t\t\t\t\t<div class=\"e-gallery-image elementor-gallery-item__image\" data-thumbnail=\"https:\/\/jccltrg.org\/wp-content\/uploads\/2021\/08\/AFUMC.jpg\" data-width=\"320\" data-height=\"82\" aria-label=\"\" role=\"img\" ><\/div>\n\t\t\t\t\t\t\t\t\t\t\t\t\t\t<\/div>\n\t\t\t\t\t\t\t<div class=\"e-gallery-item elementor-gallery-item elementor-animated-content\">\n\t\t\t\t\t<div class=\"e-gallery-image elementor-gallery-item__image\" data-thumbnail=\"https:\/\/jccltrg.org\/wp-content\/uploads\/2021\/10\/ACCESS.png\" data-width=\"162\" data-height=\"122\" aria-label=\"\" role=\"img\" ><\/div>\n\t\t\t\t\t\t\t\t\t\t\t\t\t\t<\/div>\n\t\t\t\t\t\t\t<div class=\"e-gallery-item elementor-gallery-item elementor-animated-content\">\n\t\t\t\t\t<div class=\"e-gallery-image elementor-gallery-item__image\" data-thumbnail=\"https:\/\/jccltrg.org\/wp-content\/uploads\/2022\/02\/FRC-logo_final-1.png\" data-width=\"500\" data-height=\"500\" aria-label=\"\" role=\"img\" ><\/div>\n\t\t\t\t\t\t\t\t\t\t\t\t\t\t<\/div>\n\t\t\t\t\t\t\t<div class=\"e-gallery-item elementor-gallery-item elementor-animated-content\">\n\t\t\t\t\t<div class=\"e-gallery-image elementor-gallery-item__image\" data-thumbnail=\"https:\/\/jccltrg.org\/wp-content\/uploads\/2022\/02\/5b9dc1e4c7c4f.image_-768x576.jpg\" data-width=\"768\" data-height=\"576\" aria-label=\"\" role=\"img\" ><\/div>\n\t\t\t\t\t\t\t\t\t\t\t\t\t\t<\/div>\n\t\t\t\t\t<\/div>\n\t\t\t\t\t<\/div>\n\t\t\t\t<\/div>\n\t\t\t\t\t<\/div>\n\t\t<\/div>\n\t\t\t\t\t<\/div>\n\t\t<\/section>\n\t\t\t\t<\/div>\n\t\t","protected":false},"excerpt":{"rendered":"<p>Caridades Cat\u00f3licas ACCESO Primera Iglesia Metodista Unida de Ashland De La Ra\u00edz Primera Iglesia Presbiteriana de Ashland Fundaci\u00f3n Gordon Elwood H\u00e1bitat para la Humanidad \u2013 Rogue Valley Coraz\u00f3n en aumento Conexi\u00f3n de cuidado de Jackson La Cl\u00ednica Obras de Innovaci\u00f3n Local Vivienda LTSST (largo plazo-seguro-corto plazo) Departamento de Servicios Humanos de Oreg\u00f3n Conferencia de Oregon-Idaho [&hellip;]<\/p>\n","protected":false},"author":1,"featured_media":705,"parent":0,"menu_order":0,"comment_status":"closed","ping_status":"closed","template":"","meta":{"_eb_attr":"","footnotes":""},"class_list":["post-704","page","type-page","status-publish","has-post-thumbnail","hentry"],"rttpg_featured_image_url":{"full":["https:\/\/jccltrg.org\/wp-content\/uploads\/2021\/04\/Partners-Banner.jpg",1440,659,false],"landscape":["https:\/\/jccltrg.org\/wp-content\/uploads\/2021\/04\/Partners-Banner.jpg",1440,659,false],"portraits":["https:\/\/jccltrg.org\/wp-content\/uploads\/2021\/04\/Partners-Banner.jpg",1440,659,false],"thumbnail":["https:\/\/jccltrg.org\/wp-content\/uploads\/2021\/04\/Partners-Banner-150x150.jpg",150,150,true],"medium":["https:\/\/jccltrg.org\/wp-content\/uploads\/2021\/04\/Partners-Banner-300x137.jpg",300,137,true],"large":["https:\/\/jccltrg.org\/wp-content\/uploads\/2021\/04\/Partners-Banner-1024x469.jpg",800,366,true],"1536x1536":["https:\/\/jccltrg.org\/wp-content\/uploads\/2021\/04\/Partners-Banner.jpg",1440,659,false],"2048x2048":["https:\/\/jccltrg.org\/wp-content\/uploads\/2021\/04\/Partners-Banner.jpg",1440,659,false]},"rttpg_author":{"display_name":"rogue-media","author_link":"https:\/\/jccltrg.org\/es\/author\/rogue-media\/"},"rttpg_comment":0,"rttpg_category":" <a href=\"https:\/\/jccltrg.org\/es\/?taxonomy=translation_priority&#038;term=opcional\" rel=\"tag\">Opcional<\/a>","rttpg_excerpt":"Caridades Cat\u00f3licas ACCESO Primera Iglesia Metodista Unida de Ashland De La Ra\u00edz Primera Iglesia Presbiteriana de Ashland Fundaci\u00f3n Gordon Elwood H\u00e1bitat para la Humanidad \u2013 Rogue Valley Coraz\u00f3n en aumento Conexi\u00f3n de cuidado de Jackson La Cl\u00ednica Obras de Innovaci\u00f3n Local Vivienda LTSST (largo plazo-seguro-corto plazo) Departamento de Servicios Humanos de Oreg\u00f3n Conferencia de Oregon-Idaho&hellip;","_links":{"self":[{"href":"https:\/\/jccltrg.org\/es\/wp-json\/wp\/v2\/pages\/704"}],"collection":[{"href":"https:\/\/jccltrg.org\/es\/wp-json\/wp\/v2\/pages"}],"about":[{"href":"https:\/\/jccltrg.org\/es\/wp-json\/wp\/v2\/types\/page"}],"author":[{"embeddable":true,"href":"https:\/\/jccltrg.org\/es\/wp-json\/wp\/v2\/users\/1"}],"replies":[{"embeddable":true,"href":"https:\/\/jccltrg.org\/es\/wp-json\/wp\/v2\/comments?post=704"}],"version-history":[{"count":10,"href":"https:\/\/jccltrg.org\/es\/wp-json\/wp\/v2\/pages\/704\/revisions"}],"predecessor-version":[{"id":2904,"href":"https:\/\/jccltrg.org\/es\/wp-json\/wp\/v2\/pages\/704\/revisions\/2904"}],"wp:featuredmedia":[{"embeddable":true,"href":"https:\/\/jccltrg.org\/es\/wp-json\/wp\/v2\/media\/705"}],"wp:attachment":[{"href":"https:\/\/jccltrg.org\/es\/wp-json\/wp\/v2\/media?parent=704"}],"curies":[{"name":"wp","href":"https:\/\/api.w.org\/{rel}","templated":true}]}}