{"id":7232,"date":"2024-07-22T16:35:51","date_gmt":"2024-07-22T23:35:51","guid":{"rendered":"https:\/\/jccltrg.org\/informes\/"},"modified":"2026-04-15T13:12:08","modified_gmt":"2026-04-15T20:12:08","slug":"informes","status":"publish","type":"page","link":"https:\/\/jccltrg.org\/es\/informes\/","title":{"rendered":"Informes"},"content":{"rendered":"\t\t<div data-elementor-type=\"wp-page\" data-elementor-id=\"7232\" class=\"elementor elementor-7232 elementor-7200\" data-elementor-post-type=\"page\">\n\t\t\t\t\t\t<section class=\"elementor-section elementor-top-section elementor-element elementor-element-6965d53 elementor-section-boxed elementor-section-height-default elementor-section-height-default\" data-id=\"6965d53\" data-element_type=\"section\" data-e-type=\"section\">\n\t\t\t\t\t\t<div class=\"elementor-container elementor-column-gap-default\">\n\t\t\t\t\t<div class=\"elementor-column elementor-col-100 elementor-top-column elementor-element elementor-element-45b8d9c\" data-id=\"45b8d9c\" data-element_type=\"column\" data-e-type=\"column\">\n\t\t\t<div class=\"elementor-widget-wrap elementor-element-populated\">\n\t\t\t\t\t\t<div class=\"elementor-element elementor-element-9e7bf3d elementor-widget elementor-widget-image\" data-id=\"9e7bf3d\" data-element_type=\"widget\" data-e-type=\"widget\" data-widget_type=\"image.default\">\n\t\t\t\t<div class=\"elementor-widget-container\">\n\t\t\t\t\t\t\t\t\t\t\t\t\t\t\t<img fetchpriority=\"high\" decoding=\"async\" width=\"2560\" height=\"679\" src=\"https:\/\/jccltrg.org\/wp-content\/uploads\/2024\/12\/In-the-News-Billboard-Landscape-3-scaled.jpg\" class=\"attachment-full size-full wp-image-8139\" alt=\"\" srcset=\"https:\/\/jccltrg.org\/wp-content\/uploads\/2024\/12\/In-the-News-Billboard-Landscape-3-scaled.jpg 2560w, https:\/\/jccltrg.org\/wp-content\/uploads\/2024\/12\/In-the-News-Billboard-Landscape-3-300x80.jpg 300w, https:\/\/jccltrg.org\/wp-content\/uploads\/2024\/12\/In-the-News-Billboard-Landscape-3-1024x272.jpg 1024w, https:\/\/jccltrg.org\/wp-content\/uploads\/2024\/12\/In-the-News-Billboard-Landscape-3-768x204.jpg 768w, https:\/\/jccltrg.org\/wp-content\/uploads\/2024\/12\/In-the-News-Billboard-Landscape-3-1536x408.jpg 1536w, https:\/\/jccltrg.org\/wp-content\/uploads\/2024\/12\/In-the-News-Billboard-Landscape-3-2048x543.jpg 2048w\" sizes=\"(max-width: 2560px) 100vw, 2560px\" \/>\t\t\t\t\t\t\t\t\t\t\t\t\t\t\t<\/div>\n\t\t\t\t<\/div>\n\t\t\t\t<div class=\"elementor-element elementor-element-64d7926 elementor-widget elementor-widget-accordion\" data-id=\"64d7926\" data-element_type=\"widget\" data-e-type=\"widget\" data-widget_type=\"accordion.default\">\n\t\t\t\t<div class=\"elementor-widget-container\">\n\t\t\t\t\t\t\t<div class=\"elementor-accordion\">\n\t\t\t\t\t\t\t<div class=\"elementor-accordion-item\">\n\t\t\t\t\t<div id=\"elementor-tab-title-1051\" class=\"elementor-tab-title\" data-tab=\"1\" role=\"button\" aria-controls=\"elementor-tab-content-1051\" aria-expanded=\"false\">\n\t\t\t\t\t\t\t\t\t\t\t\t\t<span class=\"elementor-accordion-icon elementor-accordion-icon-left\" aria-hidden=\"true\">\n\t\t\t\t\t\t\t\t\t\t\t\t\t\t\t<span class=\"elementor-accordion-icon-closed\"><i class=\"fas fa-plus\"><\/i><\/span>\n\t\t\t\t\t\t\t\t<span class=\"elementor-accordion-icon-opened\"><i class=\"fas fa-minus\"><\/i><\/span>\n\t\t\t\t\t\t\t\t\t\t\t\t\t\t<\/span>\n\t\t\t\t\t\t\t\t\t\t\t\t<a class=\"elementor-accordion-title\" tabindex=\"0\">JCC LTRG Normas de Atenci\u00f3n Comunitaria<\/a>\n\t\t\t\t\t<\/div>\n\t\t\t\t\t<div id=\"elementor-tab-content-1051\" class=\"elementor-tab-content elementor-clearfix\" data-tab=\"1\" role=\"region\" aria-labelledby=\"elementor-tab-title-1051\"><p>Enraizadas en la comprensi\u00f3n de que la recuperaci\u00f3n tras una cat\u00e1strofe es un proceso largo, complejo y profundamente humano, estas normas definen el nivel m\u00ednimo de atenci\u00f3n coherente, informada sobre el trauma y equitativa que se requiere para una recuperaci\u00f3n colaborativa. Pero su alcance va mucho m\u00e1s all\u00e1 de la recuperaci\u00f3n tras un incendio forestal. Estas normas son ampliamente aplicables a las redes de servicios sociales que abordan algunos de los problemas m\u00e1s acuciantes de nuestro tiempo, como la inestabilidad de la vivienda, los desplazamientos relacionados con el clima, las crisis de salud conductual, las emergencias de salud p\u00fablica y las desigualdades sist\u00e9micas.  <\/p>\n<p><span style=\"text-decoration: underline;\"><a href=\"https:\/\/drive.google.com\/file\/d\/1fM5ngvuaz3x5VphPfi9Uitknph8NJpe9\/view?usp=drive_link\" target=\"_blank\" rel=\"noopener\">JCC LTRG Normas de Atenci\u00f3n Comunitaria  <\/a><\/span><\/p>\n<\/div>\n\t\t\t\t<\/div>\n\t\t\t\t\t\t\t<div class=\"elementor-accordion-item\">\n\t\t\t\t\t<div id=\"elementor-tab-title-1052\" class=\"elementor-tab-title\" data-tab=\"2\" role=\"button\" aria-controls=\"elementor-tab-content-1052\" aria-expanded=\"false\">\n\t\t\t\t\t\t\t\t\t\t\t\t\t<span class=\"elementor-accordion-icon elementor-accordion-icon-left\" aria-hidden=\"true\">\n\t\t\t\t\t\t\t\t\t\t\t\t\t\t\t<span class=\"elementor-accordion-icon-closed\"><i class=\"fas fa-plus\"><\/i><\/span>\n\t\t\t\t\t\t\t\t<span class=\"elementor-accordion-icon-opened\"><i class=\"fas fa-minus\"><\/i><\/span>\n\t\t\t\t\t\t\t\t\t\t\t\t\t\t<\/span>\n\t\t\t\t\t\t\t\t\t\t\t\t<a class=\"elementor-accordion-title\" tabindex=\"0\">Comprobaci\u00f3n de las capacidades de comunicaci\u00f3n y colaboraci\u00f3n en la respuesta a cat\u00e1strofes: Una mesa redonda basada en el debate - Informe y conclusiones<\/a>\n\t\t\t\t\t<\/div>\n\t\t\t\t\t<div id=\"elementor-tab-content-1052\" class=\"elementor-tab-content elementor-clearfix\" data-tab=\"2\" role=\"region\" aria-labelledby=\"elementor-tab-title-1052\"><p>Las lecciones aprendidas de la temporada de incendios de 2025 y los debates posteriores a la acci\u00f3n en las reuniones del Comit\u00e9 de Comunicaciones de las Organizaciones Comunitarias Activas en Cat\u00e1strofes de Rogue Valley (COAD) sembraron las semillas de este ejercicio. El comit\u00e9 identific\u00f3 el valor de reforzar la colaboraci\u00f3n en la planificaci\u00f3n de cat\u00e1strofes entre las jurisdicciones y las organizaciones comunitarias (CBO). Con ese objetivo, este ejercicio reuni\u00f3 a los socios de la comunidad, incluidos los organismos gubernamentales y las OBC, en la misma sala y les invit\u00f3 a asumir sus funciones, responsabilidades y oportunidades en materia de comunicaciones durante una cat\u00e1strofe. Los participantes exploraron formas de abordar retos concretos y resolver problemas juntos. A diferencia de un simulacro tradicional, este ejercicio se dise\u00f1\u00f3 teniendo en cuenta tanto las funciones de las OBC como las jurisdiccionales. Ayud\u00f3 a las OBC a comprender mejor las l\u00edneas de autoridad y a identificar formas de apoyar a las jurisdicciones cuando la capacidad para actualizar la informaci\u00f3n o responder al p\u00fablico es limitada.     <\/p>\n<p><a href=\"https:\/\/drive.google.com\/file\/d\/1_MsDehPcbIajTYgdu6B_3wWQIoaJTK_m\/view?usp=sharing\" target=\"_blank\" rel=\"noopener\">Comprobaci\u00f3n de las capacidades de comunicaci\u00f3n y colaboraci\u00f3n en la respuesta a cat\u00e1strofes: Una mesa redonda basada en el debate &#8211; Informe y conclusiones<\/a><\/p>\n<\/div>\n\t\t\t\t<\/div>\n\t\t\t\t\t\t\t<div class=\"elementor-accordion-item\">\n\t\t\t\t\t<div id=\"elementor-tab-title-1053\" class=\"elementor-tab-title\" data-tab=\"3\" role=\"button\" aria-controls=\"elementor-tab-content-1053\" aria-expanded=\"false\">\n\t\t\t\t\t\t\t\t\t\t\t\t\t<span class=\"elementor-accordion-icon elementor-accordion-icon-left\" aria-hidden=\"true\">\n\t\t\t\t\t\t\t\t\t\t\t\t\t\t\t<span class=\"elementor-accordion-icon-closed\"><i class=\"fas fa-plus\"><\/i><\/span>\n\t\t\t\t\t\t\t\t<span class=\"elementor-accordion-icon-opened\"><i class=\"fas fa-minus\"><\/i><\/span>\n\t\t\t\t\t\t\t\t\t\t\t\t\t\t<\/span>\n\t\t\t\t\t\t\t\t\t\t\t\t<a class=\"elementor-accordion-title\" tabindex=\"0\">Tejiendo resiliencia: Incendios de 2020 en Almeda y Obenchain Sur: Informe posterior a la acci\u00f3n de los Servicios Sociales<\/a>\n\t\t\t\t\t<\/div>\n\t\t\t\t\t<div id=\"elementor-tab-content-1053\" class=\"elementor-tab-content elementor-clearfix\" data-tab=\"3\" role=\"region\" aria-labelledby=\"elementor-tab-title-1053\"><p>Se han publicado varios Informes Posteriores a la Acci\u00f3n (IPA) sobre los incendios del D\u00eda del Trabajo de Oreg\u00f3n de 2020. Las entidades que encargaron estos IAA se centraron en los esfuerzos de respuesta directamente dentro de su autoridad estatutaria. Este informe es el primero que se centra en los esfuerzos de respuesta y recuperaci\u00f3n de una gran cohorte de organizaciones no gubernamentales de servicios sociales.<\/p>\n<p>El Grupo Comunitario de Recuperaci\u00f3n a Largo Plazo del Condado de Jackson (JCC LTRG) se propuso captar estos esfuerzos organizando un proceso de revisi\u00f3n posterior a la acci\u00f3n denominado Tejiendo la Resiliencia. Tejiendo Resiliencia cre\u00f3 una oportunidad para aprender, colaborar, reforzar nuestra resiliencia como fuerza cohesionada y sentar las bases de los futuros esfuerzos de respuesta y recuperaci\u00f3n de nuestra comunidad.<\/p>\n<p>La Gesti\u00f3n de Emergencias del Condado de Jackson aport\u00f3 su experiencia t\u00e9cnica para garantizar que el proceso de revisi\u00f3n posterior a la acci\u00f3n se ajustaba a las capacidades b\u00e1sicas de la FEMA. Este documento apoya las futuras solicitudes de subvenciones comunitarias para reforzar y ampliar las capacidades locales de respuesta y recuperaci\u00f3n ante futuras cat\u00e1strofes.<\/p>\n<p>Haz clic a continuaci\u00f3n para explorar el Informe posterior a la acci\u00f3n \u00abTejiendo resiliencia\u00bb y saber c\u00f3mo apoya este informe nuestros esfuerzos de recuperaci\u00f3n.<\/p>\n<p><span style=\"text-decoration: underline;\"><span style=\"color: #1675aa;\"><a style=\"color: #1675aa; text-decoration: underline;\" href=\"https:\/\/jccltrg.org\/wp-content\/uploads\/2024\/06\/Weaving-Resilience-AAR-Fall-2023.pdf\">Tejer la resiliencia: informe tras la acci\u00f3n<\/a><\/span><\/span><\/p>\n<\/div>\n\t\t\t\t<\/div>\n\t\t\t\t\t\t\t<div class=\"elementor-accordion-item\">\n\t\t\t\t\t<div id=\"elementor-tab-title-1054\" class=\"elementor-tab-title\" data-tab=\"4\" role=\"button\" aria-controls=\"elementor-tab-content-1054\" aria-expanded=\"false\">\n\t\t\t\t\t\t\t\t\t\t\t\t\t<span class=\"elementor-accordion-icon elementor-accordion-icon-left\" aria-hidden=\"true\">\n\t\t\t\t\t\t\t\t\t\t\t\t\t\t\t<span class=\"elementor-accordion-icon-closed\"><i class=\"fas fa-plus\"><\/i><\/span>\n\t\t\t\t\t\t\t\t<span class=\"elementor-accordion-icon-opened\"><i class=\"fas fa-minus\"><\/i><\/span>\n\t\t\t\t\t\t\t\t\t\t\t\t\t\t<\/span>\n\t\t\t\t\t\t\t\t\t\t\t\t<a class=\"elementor-accordion-title\" tabindex=\"0\">Plan Regional de Recuperaci\u00f3n a Largo Plazo Rogue Reimagined<\/a>\n\t\t\t\t\t<\/div>\n\t\t\t\t\t<div id=\"elementor-tab-content-1054\" class=\"elementor-tab-content elementor-clearfix\" data-tab=\"4\" role=\"region\" aria-labelledby=\"elementor-tab-title-1054\"><p>El Grupo de Recuperaci\u00f3n a Largo Plazo de la Comunidad del Condado de Jackson (JCC LTRG) y sus socios se complacen en presentar <em>Rogue Reimagined: Plan Regional<\/em> de Recuperaci\u00f3n a Largo Plazo, un testimonio del trabajo que nuestra comunidad ha realizado hasta ahora y una hoja de ruta para futuros proyectos apoyados por socios de todo el valle.<\/p>\n<p>Este plan representa las voces y aspiraciones de nuestros vecinos y socios estatales y locales, que se reunieron para poner de relieve las necesidades pendientes e identificar proyectos para aumentar el impulso de la recuperaci\u00f3n y mejorar el futuro de nuestra recuperaci\u00f3n con directrices para reconstruir y reimaginar nuestra comunidad.<\/p>\n<p>El Plan Rogue Reimagined ilustra el progreso de nuestra recuperaci\u00f3n, proporcionando informaci\u00f3n sobre los incansables esfuerzos emprendidos y, lo que es m\u00e1s importante, esbozando proyectos que seguir\u00e1n haci\u00e9ndonos avanzar en nuestra recuperaci\u00f3n tras el incendio, al tiempo que abordan las necesidades restantes de nuestra comunidad. Estos proyectos crean el anteproyecto de una comunidad m\u00e1s resistente.<\/p>\n<p>Los 21 Proyectos de Recuperaci\u00f3n identificados son gestionados conjuntamente por organizaciones comunitarias y gobiernos locales, cada uno con un l\u00edder o convocante de proyecto identificado.<\/p>\n<p>La experiencia de otras comunidades afectadas por cat\u00e1strofes subraya el potencial de iniciativas como Rogue Reimagined para mejorar significativamente los resultados de la recuperaci\u00f3n de los supervivientes y de toda la comunidad.<\/p>\n<p>Haz clic a continuaci\u00f3n para explorar el Plan Regional de Recuperaci\u00f3n a Largo Plazo y saber c\u00f3mo apoya este plan nuestros esfuerzos de recuperaci\u00f3n.<\/p>\n<p><span style=\"text-decoration: underline;\"><span style=\"color: #1675aa;\"><a style=\"color: #1675aa; text-decoration: underline;\" href=\"https:\/\/jccltrg.org\/wp-content\/uploads\/2024\/07\/Rogue-Reimagined-The-Plan-Hi-Resolution.pdf\">P\u00edcaro Reimaginado, El Plan [Alta resoluci\u00f3n]<\/a><\/span><\/span><\/p>\n<p><span style=\"text-decoration: underline;\"><span style=\"color: #1675aa;\"><a style=\"color: #1675aa; text-decoration: underline;\" href=\"https:\/\/jccltrg.org\/wp-content\/uploads\/2024\/07\/Rogue-Reimagined-The-Plan-Low-Resolution.pdf\">Canalla Reimaginado, El Plan [Baja resoluci\u00f3n]<\/a><\/span><\/span><\/p>\n<\/div>\n\t\t\t\t<\/div>\n\t\t\t\t\t\t\t<div class=\"elementor-accordion-item\">\n\t\t\t\t\t<div id=\"elementor-tab-title-1055\" class=\"elementor-tab-title\" data-tab=\"5\" role=\"button\" aria-controls=\"elementor-tab-content-1055\" aria-expanded=\"false\">\n\t\t\t\t\t\t\t\t\t\t\t\t\t<span class=\"elementor-accordion-icon elementor-accordion-icon-left\" aria-hidden=\"true\">\n\t\t\t\t\t\t\t\t\t\t\t\t\t\t\t<span class=\"elementor-accordion-icon-closed\"><i class=\"fas fa-plus\"><\/i><\/span>\n\t\t\t\t\t\t\t\t<span class=\"elementor-accordion-icon-opened\"><i class=\"fas fa-minus\"><\/i><\/span>\n\t\t\t\t\t\t\t\t\t\t\t\t\t\t<\/span>\n\t\t\t\t\t\t\t\t\t\t\t\t<a class=\"elementor-accordion-title\" tabindex=\"0\">Programa de Gesti\u00f3n de Casos de Cat\u00e1strofe, Condado de Jackson - Resumen del Informe Tras la Acci\u00f3n<\/a>\n\t\t\t\t\t<\/div>\n\t\t\t\t\t<div id=\"elementor-tab-content-1055\" class=\"elementor-tab-content elementor-clearfix\" data-tab=\"5\" role=\"region\" aria-labelledby=\"elementor-tab-title-1055\"><p>Los Programas de Gesti\u00f3n de Casos de Cat\u00e1strofe (DCMP) est\u00e1n dise\u00f1ados para ayudar de forma integral a las personas y familias afectadas por cat\u00e1strofes, gui\u00e1ndolas a trav\u00e9s de las complejidades de la recuperaci\u00f3n. Los Gestores de Casos de Cat\u00e1strofe (DCM) trabajan con los supervivientes de la cat\u00e1strofe para identificar y abordar sus necesidades inmediatas y a largo plazo mediante planes de recuperaci\u00f3n individualizados. Mediante la coordinaci\u00f3n de los servicios de los organismos p\u00fablicos y las organizaciones comunitarias, un DCM proporciona defensa, apoyo emocional y de salud mental, informaci\u00f3n y derivaci\u00f3n de recursos, y ayuda a los supervivientes a acceder a ayudas econ\u00f3micas y a conseguir soluciones de vivienda. El programa de MCD se esfuerza por capacitar a los supervivientes y ayudarles a restablecer sus vidas tras la cat\u00e1strofe.   <\/p>\n<p>En respuesta a los incendios de Almeda y South Obenchain de 2020, Caridades Cat\u00f3licas de Oreg\u00f3n (CCO), el Departamento de Servicios Humanos de Oreg\u00f3n (ODHS) y Rogue Community Health (RCH) administraron Programas de Gesti\u00f3n de Casos de Cat\u00e1strofe en todo el condado de Jackson. Los Programas de Gesti\u00f3n de Casos de Cat\u00e1strofe de RCH y CCO finalizan en junio de 2023. En el momento de redactar este informe, diciembre de 2023, el ODHS proporciona gesti\u00f3n de casos a los supervivientes de incendios de forma limitada, con tres gestores de casos en plantilla. Este Informe Posterior a la Acci\u00f3n resume los puntos fuertes, los puntos d\u00e9biles y las oportunidades de mejora en la ejecuci\u00f3n de la Gesti\u00f3n de Casos de Cat\u00e1strofe. Rogue Community Health y Caridades Cat\u00f3licas de Oreg\u00f3n aportaron sus comentarios.     El ODHS opt\u00f3 por no participar en el Informe Posterior a la Acci\u00f3n.  <\/p>\n<p>Haz clic a continuaci\u00f3n para consultar el resumen de una p\u00e1gina.  <\/p>\n<p><a href=\"https:\/\/drive.google.com\/file\/d\/1DZP7mhGquPbQoyTkDEYHBI8qqe_GbnDM\/view?usp=sharing\" target=\"_blank\" rel=\"noopener\">Programa de Gesti\u00f3n de Casos de Cat\u00e1strofe, Condado de Jackson &#8211; Resumen del Informe Tras la Acci\u00f3n<\/a><\/p><\/p>\n<\/div>\n\t\t\t\t<\/div>\n\t\t\t\t\t\t\t<div class=\"elementor-accordion-item\">\n\t\t\t\t\t<div id=\"elementor-tab-title-1056\" class=\"elementor-tab-title\" data-tab=\"6\" role=\"button\" aria-controls=\"elementor-tab-content-1056\" aria-expanded=\"false\">\n\t\t\t\t\t\t\t\t\t\t\t\t\t<span class=\"elementor-accordion-icon elementor-accordion-icon-left\" aria-hidden=\"true\">\n\t\t\t\t\t\t\t\t\t\t\t\t\t\t\t<span class=\"elementor-accordion-icon-closed\"><i class=\"fas fa-plus\"><\/i><\/span>\n\t\t\t\t\t\t\t\t<span class=\"elementor-accordion-icon-opened\"><i class=\"fas fa-minus\"><\/i><\/span>\n\t\t\t\t\t\t\t\t\t\t\t\t\t\t<\/span>\n\t\t\t\t\t\t\t\t\t\t\t\t<a class=\"elementor-accordion-title\" tabindex=\"0\">2020 Incendios de Almeda + Obenchain Sur, Resumen de la Encuesta de Evaluaci\u00f3n de Necesidades<\/a>\n\t\t\t\t\t<\/div>\n\t\t\t\t\t<div id=\"elementor-tab-content-1056\" class=\"elementor-tab-content elementor-clearfix\" data-tab=\"6\" role=\"region\" aria-labelledby=\"elementor-tab-title-1056\"><p>Comprender las necesidades espec\u00edficas de los residentes afectados por incendios forestales es crucial para una recuperaci\u00f3n eficaz. Nuestra encuesta de evaluaci\u00f3n de necesidades pretende identificar las necesidades de construcci\u00f3n, dom\u00e9sticas, emocionales y econ\u00f3micas para garantizar que el apoyo llega a quienes m\u00e1s lo necesitan. Hist\u00f3ricamente, estas encuestas las realizan organizaciones de fuera de la zona, pero debido al COVID-19, nuestra comunidad desarroll\u00f3 una encuesta electr\u00f3nica innovadora para adaptarse a las circunstancias.<\/p>\n<p>Haz clic a continuaci\u00f3n para explorar los resultados resumidos y saber c\u00f3mo esta encuesta apoya nuestros esfuerzos de recuperaci\u00f3n.<\/p>\n<p><span style=\"text-decoration: underline;\"><span style=\"color: #1675aa;\"><a style=\"color: #1675aa; text-decoration: underline;\" href=\"https:\/\/jccltrg.org\/wp-content\/uploads\/2024\/07\/FORMATTED-JCC-LTRG-Needs-Assessment-Overview-.pdf\">Visi\u00f3n general de la evaluaci\u00f3n de necesidades del LTRG del JCC<\/a><\/span><\/span><\/p>\n<\/div>\n\t\t\t\t<\/div>\n\t\t\t\t\t\t\t\t<\/div>\n\t\t\t\t\t\t<\/div>\n\t\t\t\t<\/div>\n\t\t\t\t\t<\/div>\n\t\t<\/div>\n\t\t\t\t\t<\/div>\n\t\t<\/section>\n\t\t\t\t<\/div>\n\t\t","protected":false},"excerpt":{"rendered":"<p>JCC LTRG Normas de Atenci\u00f3n Comunitaria Enraizadas en la comprensi\u00f3n de que la recuperaci\u00f3n tras una cat\u00e1strofe es un proceso largo, complejo y profundamente humano, estas normas definen el nivel m\u00ednimo de atenci\u00f3n coherente, informada sobre el trauma y equitativa que se requiere para una recuperaci\u00f3n colaborativa. Pero su alcance va mucho m\u00e1s all\u00e1 de [&hellip;]<\/p>\n","protected":false},"author":2,"featured_media":0,"parent":0,"menu_order":0,"comment_status":"closed","ping_status":"closed","template":"","meta":{"_eb_attr":"","footnotes":""},"class_list":["post-7232","page","type-page","status-publish","hentry"],"rttpg_featured_image_url":null,"rttpg_author":{"display_name":"Caryn Wheeler Clay","author_link":"https:\/\/jccltrg.org\/es\/author\/jccltrg-admin\/"},"rttpg_comment":0,"rttpg_category":" <a href=\"https:\/\/jccltrg.org\/es\/?taxonomy=translation_priority&#038;term=opcional\" rel=\"tag\">Opcional<\/a>","rttpg_excerpt":"JCC LTRG Normas de Atenci\u00f3n Comunitaria Enraizadas en la comprensi\u00f3n de que la recuperaci\u00f3n tras una cat\u00e1strofe es un proceso largo, complejo y profundamente humano, estas normas definen el nivel m\u00ednimo de atenci\u00f3n coherente, informada sobre el trauma y equitativa que se requiere para una recuperaci\u00f3n colaborativa. Pero su alcance va mucho m\u00e1s all\u00e1 de&hellip;","_links":{"self":[{"href":"https:\/\/jccltrg.org\/es\/wp-json\/wp\/v2\/pages\/7232"}],"collection":[{"href":"https:\/\/jccltrg.org\/es\/wp-json\/wp\/v2\/pages"}],"about":[{"href":"https:\/\/jccltrg.org\/es\/wp-json\/wp\/v2\/types\/page"}],"author":[{"embeddable":true,"href":"https:\/\/jccltrg.org\/es\/wp-json\/wp\/v2\/users\/2"}],"replies":[{"embeddable":true,"href":"https:\/\/jccltrg.org\/es\/wp-json\/wp\/v2\/comments?post=7232"}],"version-history":[{"count":10,"href":"https:\/\/jccltrg.org\/es\/wp-json\/wp\/v2\/pages\/7232\/revisions"}],"predecessor-version":[{"id":9471,"href":"https:\/\/jccltrg.org\/es\/wp-json\/wp\/v2\/pages\/7232\/revisions\/9471"}],"wp:attachment":[{"href":"https:\/\/jccltrg.org\/es\/wp-json\/wp\/v2\/media?parent=7232"}],"curies":[{"name":"wp","href":"https:\/\/api.w.org\/{rel}","templated":true}]}}