{"id":727,"date":"2021-05-13T23:58:58","date_gmt":"2021-05-13T23:58:58","guid":{"rendered":"https:\/\/jccltrg.org\/voluntario-2\/"},"modified":"2022-04-22T16:20:56","modified_gmt":"2022-04-22T16:20:56","slug":"voluntario-2","status":"publish","type":"page","link":"https:\/\/jccltrg.org\/es\/voluntario-2\/","title":{"rendered":"Voluntario"},"content":{"rendered":"\t\t<div data-elementor-type=\"wp-page\" data-elementor-id=\"727\" class=\"elementor elementor-727 elementor-69\" data-elementor-post-type=\"page\">\n\t\t\t\t\t\t<section class=\"elementor-section elementor-top-section elementor-element elementor-element-2bdce34 elementor-section-stretched elementor-section-boxed elementor-section-height-default elementor-section-height-default\" data-id=\"2bdce34\" data-element_type=\"section\" data-e-type=\"section\" data-settings=\"{&quot;stretch_section&quot;:&quot;section-stretched&quot;,&quot;background_background&quot;:&quot;classic&quot;}\">\n\t\t\t\t\t\t<div class=\"elementor-container elementor-column-gap-default\">\n\t\t\t\t\t<div class=\"elementor-column elementor-col-100 elementor-top-column elementor-element elementor-element-815448d\" data-id=\"815448d\" data-element_type=\"column\" data-e-type=\"column\">\n\t\t\t<div class=\"elementor-widget-wrap elementor-element-populated\">\n\t\t\t\t\t\t<div class=\"elementor-element elementor-element-19bbf56 elementor-widget elementor-widget-text-editor\" data-id=\"19bbf56\" data-element_type=\"widget\" data-e-type=\"widget\" data-widget_type=\"text-editor.default\">\n\t\t\t\t<div class=\"elementor-widget-container\">\n\t\t\t\t\t\t\t\t\t<p><em>Nuestros incre\u00edbles voluntarios son el catalizador del JCC LTRG. Es con la generosa donaci\u00f3n del tiempo, el talento y el sacrificio de nuestros voluntarios que cumplimos nuestra misi\u00f3n. Ofr\u00e9zcase con nosotros hoy para ayudar a reconstruir la comunidad, forjar nuevas relaciones y fortalecer el esp\u00edritu comunitario.<\/em><\/p>\n<p>\u00bfPREGUNTAS? \u00a1Por favor, cont\u00e1ctenos!\u00a0 Email\u200b <strong><a href=\"mailto:care@jccltrg.org\" target=\"_blank\" rel=\"noopener\">care@jccltrg.org<\/a><\/strong><\/p>\n<p>&nbsp;<\/p>\n<div id=\"ts-body\">\n<div class=\"css-52 ts-pivot-container\">\n<div id=\"ContentContainer\">\n<div>\n<div>\n<div role=\"tabpanel\" aria-labelledby=\"Pivot2-Tab0\">\n<div class=\"ts-lookup-pivot\">\n<div id=\"Lookup\" class=\"ts-pivot-lookup-component\">\n<div class=\"ms-Grid ts-grid\">\n<div class=\"ms-Grid-row\">\n<div class=\"ts-textfield-container \" lang=\"es\">\n<div class=\"ts-alignment-view-container\">\n<div id=\"ts-alignment-view-idtgt\" class=\"ts-alignment-view ms-font-m ts-alignment-view-tgt ts-ltr-left-zero\" tabindex=\"0\" aria-hidden=\"false\">\n<div role=\"label\"><span id=\"tgtAlignment_0\" class=\"ts-alignment-element\" data-is-focusable=\"true\">Cree<\/span> <span id=\"tgtAlignment_1\" class=\"ts-alignment-element\" data-is-focusable=\"true\">una<\/span> <span id=\"tgtAlignment_2\" class=\"ts-alignment-element\" data-is-focusable=\"true\">cuenta<\/span> <span id=\"tgtAlignment_3\" class=\"ts-alignment-element\" data-is-focusable=\"true\">y<\/span> <span id=\"tgtAlignment_4\" class=\"ts-alignment-element\" data-is-focusable=\"true\">reg\u00edstrese<\/span> <span id=\"tgtAlignment_5\" class=\"ts-alignment-element\" data-is-focusable=\"true\">para<\/span> <span id=\"tgtAlignment_6\" class=\"ts-alignment-element\" data-is-focusable=\"true\">ser<\/span> <span id=\"tgtAlignment_7\" class=\"ts-alignment-element-highlighted\" data-is-focusable=\"true\">voluntario<\/span> <span id=\"tgtAlignment_8\" class=\"ts-alignment-element\" data-is-focusable=\"true\">a<\/span> <span id=\"tgtAlignment_9\" class=\"ts-alignment-element\" data-is-focusable=\"true\">trav\u00e9s<\/span> <span id=\"tgtAlignment_10\" class=\"ts-alignment-element\" data-is-focusable=\"true\">de<\/span> <span id=\"tgtAlignment_11\" class=\"ts-alignment-element\" data-is-focusable=\"true\">nuestro<\/span> <span id=\"tgtAlignment_12\" class=\"ts-alignment-element\" data-is-focusable=\"true\">Portal<\/span> <span id=\"tgtAlignment_13\" class=\"ts-alignment-element\" data-is-focusable=\"true\">de<\/span> <span id=\"tgtAlignment_14\" class=\"ts-alignment-element\" data-is-focusable=\"true\">Voluntarios<\/span> <span id=\"tgtAlignment_15\" class=\"ts-alignment-element\" data-is-focusable=\"true\">a<\/span> <span id=\"tgtAlignment_16\" class=\"ts-alignment-element\" data-is-focusable=\"true\">continuaci\u00f3n:<\/span><\/div>\n<\/div>\n<\/div>\n<\/div>\n<\/div>\n<\/div>\n<\/div>\n<\/div>\n<\/div>\n<\/div>\n<\/div>\n<\/div>\n<\/div>\n<\/div>\n\t\t\t\t\t\t\t\t<\/div>\n\t\t\t\t<\/div>\n\t\t\t\t\t<\/div>\n\t\t<\/div>\n\t\t\t\t\t<\/div>\n\t\t<\/section>\n\t\t\t\t<section class=\"elementor-section elementor-top-section elementor-element elementor-element-8d53cb9 elementor-section-boxed elementor-section-height-default elementor-section-height-default\" data-id=\"8d53cb9\" data-element_type=\"section\" data-e-type=\"section\">\n\t\t\t\t\t\t<div class=\"elementor-container elementor-column-gap-default\">\n\t\t\t\t\t<div class=\"elementor-column elementor-col-100 elementor-top-column elementor-element elementor-element-cd183cf\" data-id=\"cd183cf\" data-element_type=\"column\" data-e-type=\"column\">\n\t\t\t<div class=\"elementor-widget-wrap elementor-element-populated\">\n\t\t\t\t\t\t<div class=\"elementor-element elementor-element-5713f64 elementor-align-center elementor-widget elementor-widget-button\" data-id=\"5713f64\" data-element_type=\"widget\" data-e-type=\"widget\" data-widget_type=\"button.default\">\n\t\t\t\t<div class=\"elementor-widget-container\">\n\t\t\t\t\t\t\t\t\t<div class=\"elementor-button-wrapper\">\n\t\t\t\t\t<a class=\"elementor-button elementor-button-link elementor-size-lg\" href=\"https:\/\/www.volunteermark.com\/jccltrg\/general-volunteer-position-1624387886849\" target=\"_blank\" rel=\"noopener\">\n\t\t\t\t\t\t<span class=\"elementor-button-content-wrapper\">\n\t\t\t\t\t\t\t\t\t<span class=\"elementor-button-text\">VOLUNTARIO<\/span>\n\t\t\t\t\t<\/span>\n\t\t\t\t\t<\/a>\n\t\t\t\t<\/div>\n\t\t\t\t\t\t\t\t<\/div>\n\t\t\t\t<\/div>\n\t\t\t\t\t<\/div>\n\t\t<\/div>\n\t\t\t\t\t<\/div>\n\t\t<\/section>\n\t\t\t\t<section class=\"elementor-section elementor-top-section elementor-element elementor-element-512fe73 elementor-section-boxed elementor-section-height-default elementor-section-height-default\" data-id=\"512fe73\" data-element_type=\"section\" data-e-type=\"section\">\n\t\t\t\t\t\t<div class=\"elementor-container elementor-column-gap-default\">\n\t\t\t\t\t<div class=\"elementor-column elementor-col-100 elementor-top-column elementor-element elementor-element-fc98235\" data-id=\"fc98235\" data-element_type=\"column\" data-e-type=\"column\">\n\t\t\t<div class=\"elementor-widget-wrap elementor-element-populated\">\n\t\t\t\t\t\t\t<\/div>\n\t\t<\/div>\n\t\t\t\t\t<\/div>\n\t\t<\/section>\n\t\t\t\t<\/div>\n\t\t","protected":false},"excerpt":{"rendered":"<p>Nuestros incre\u00edbles voluntarios son el catalizador del JCC LTRG. Es con la generosa donaci\u00f3n del tiempo, el talento y el sacrificio de nuestros voluntarios que cumplimos nuestra misi\u00f3n. Ofr\u00e9zcase con nosotros hoy para ayudar a reconstruir la comunidad, forjar nuevas relaciones y fortalecer el esp\u00edritu comunitario. \u00bfPREGUNTAS? \u00a1Por favor, cont\u00e1ctenos!\u00a0 Email\u200b care@jccltrg.org &nbsp; Cree una [&hellip;]<\/p>\n","protected":false},"author":1,"featured_media":720,"parent":0,"menu_order":0,"comment_status":"closed","ping_status":"closed","template":"","meta":{"_eb_attr":"","footnotes":""},"class_list":["post-727","page","type-page","status-publish","has-post-thumbnail","hentry"],"rttpg_featured_image_url":{"full":["https:\/\/jccltrg.org\/wp-content\/uploads\/2021\/04\/Volunteer.jpg",1440,659,false],"landscape":["https:\/\/jccltrg.org\/wp-content\/uploads\/2021\/04\/Volunteer.jpg",1440,659,false],"portraits":["https:\/\/jccltrg.org\/wp-content\/uploads\/2021\/04\/Volunteer.jpg",1440,659,false],"thumbnail":["https:\/\/jccltrg.org\/wp-content\/uploads\/2021\/04\/Volunteer-150x150.jpg",150,150,true],"medium":["https:\/\/jccltrg.org\/wp-content\/uploads\/2021\/04\/Volunteer-300x137.jpg",300,137,true],"large":["https:\/\/jccltrg.org\/wp-content\/uploads\/2021\/04\/Volunteer-1024x469.jpg",800,366,true],"1536x1536":["https:\/\/jccltrg.org\/wp-content\/uploads\/2021\/04\/Volunteer.jpg",1440,659,false],"2048x2048":["https:\/\/jccltrg.org\/wp-content\/uploads\/2021\/04\/Volunteer.jpg",1440,659,false]},"rttpg_author":{"display_name":"rogue-media","author_link":"https:\/\/jccltrg.org\/es\/author\/rogue-media\/"},"rttpg_comment":0,"rttpg_category":" <a href=\"https:\/\/jccltrg.org\/es\/?taxonomy=translation_priority&#038;term=opcional\" rel=\"tag\">Opcional<\/a>","rttpg_excerpt":"Nuestros incre\u00edbles voluntarios son el catalizador del JCC LTRG. Es con la generosa donaci\u00f3n del tiempo, el talento y el sacrificio de nuestros voluntarios que cumplimos nuestra misi\u00f3n. Ofr\u00e9zcase con nosotros hoy para ayudar a reconstruir la comunidad, forjar nuevas relaciones y fortalecer el esp\u00edritu comunitario. \u00bfPREGUNTAS? \u00a1Por favor, cont\u00e1ctenos!\u00a0 Email\u200b care@jccltrg.org &nbsp; Cree una&hellip;","_links":{"self":[{"href":"https:\/\/jccltrg.org\/es\/wp-json\/wp\/v2\/pages\/727"}],"collection":[{"href":"https:\/\/jccltrg.org\/es\/wp-json\/wp\/v2\/pages"}],"about":[{"href":"https:\/\/jccltrg.org\/es\/wp-json\/wp\/v2\/types\/page"}],"author":[{"embeddable":true,"href":"https:\/\/jccltrg.org\/es\/wp-json\/wp\/v2\/users\/1"}],"replies":[{"embeddable":true,"href":"https:\/\/jccltrg.org\/es\/wp-json\/wp\/v2\/comments?post=727"}],"version-history":[{"count":7,"href":"https:\/\/jccltrg.org\/es\/wp-json\/wp\/v2\/pages\/727\/revisions"}],"predecessor-version":[{"id":3174,"href":"https:\/\/jccltrg.org\/es\/wp-json\/wp\/v2\/pages\/727\/revisions\/3174"}],"wp:featuredmedia":[{"embeddable":true,"href":"https:\/\/jccltrg.org\/es\/wp-json\/wp\/v2\/media\/720"}],"wp:attachment":[{"href":"https:\/\/jccltrg.org\/es\/wp-json\/wp\/v2\/media?parent=727"}],"curies":[{"name":"wp","href":"https:\/\/api.w.org\/{rel}","templated":true}]}}