{"id":9617,"date":"2026-05-13T09:38:16","date_gmt":"2026-05-13T16:38:16","guid":{"rendered":"https:\/\/jccltrg.org\/grupo-de-trabajo-para-la-recuperacion-de-la-vivienda-copia\/"},"modified":"2026-05-13T09:41:47","modified_gmt":"2026-05-13T16:41:47","slug":"grupo-de-trabajo-para-la-recuperacion-de-la-vivienda-copia","status":"publish","type":"page","link":"https:\/\/jccltrg.org\/es\/grupo-de-trabajo-para-la-recuperacion-de-la-vivienda-copia\/","title":{"rendered":"Grupo de Trabajo Salud y Equidad"},"content":{"rendered":"\t\t<div data-elementor-type=\"wp-page\" data-elementor-id=\"9617\" class=\"elementor elementor-9617 elementor-9609\" data-elementor-post-type=\"page\">\n\t\t\t\t\t\t<section class=\"elementor-section elementor-top-section elementor-element elementor-element-1a4f449 elementor-section-boxed elementor-section-height-default elementor-section-height-default\" data-id=\"1a4f449\" data-element_type=\"section\" data-e-type=\"section\">\n\t\t\t\t\t\t<div class=\"elementor-container elementor-column-gap-default\">\n\t\t\t\t\t<div class=\"elementor-column elementor-col-100 elementor-top-column elementor-element elementor-element-7e41b93\" data-id=\"7e41b93\" data-element_type=\"column\" data-e-type=\"column\">\n\t\t\t<div class=\"elementor-widget-wrap elementor-element-populated\">\n\t\t\t\t\t\t<div class=\"elementor-element elementor-element-fb2035e elementor-widget elementor-widget-image\" data-id=\"fb2035e\" data-element_type=\"widget\" data-e-type=\"widget\" data-widget_type=\"image.default\">\n\t\t\t\t<div class=\"elementor-widget-container\">\n\t\t\t\t\t\t\t\t\t\t\t\t\t\t\t<img decoding=\"async\" src=\"https:\/\/jccltrg.org\/wp-content\/uploads\/elementor\/thumbs\/Health-Equity-Support-Workgroup-rnekdbmk7l6i7fne98nx3ocbt1tbq73wnthj80wghc.jpg\" title=\"Health &#038; Equity Support Workgroup\" alt=\"Health &amp; Equity Support Workgroup\" loading=\"lazy\" \/>\t\t\t\t\t\t\t\t\t\t\t\t\t\t\t<\/div>\n\t\t\t\t<\/div>\n\t\t\t\t\t<\/div>\n\t\t<\/div>\n\t\t\t\t\t<\/div>\n\t\t<\/section>\n\t\t\t\t<section class=\"elementor-section elementor-top-section elementor-element elementor-element-76aa8bf elementor-section-boxed elementor-section-height-default elementor-section-height-default\" data-id=\"76aa8bf\" data-element_type=\"section\" data-e-type=\"section\">\n\t\t\t\t\t\t<div class=\"elementor-container elementor-column-gap-default\">\n\t\t\t\t\t<div class=\"elementor-column elementor-col-100 elementor-top-column elementor-element elementor-element-cb02046\" data-id=\"cb02046\" data-element_type=\"column\" data-e-type=\"column\">\n\t\t\t<div class=\"elementor-widget-wrap elementor-element-populated\">\n\t\t\t\t\t\t\t<\/div>\n\t\t<\/div>\n\t\t\t\t\t<\/div>\n\t\t<\/section>\n\t\t\t\t<section class=\"elementor-section elementor-top-section elementor-element elementor-element-7e97e0f elementor-section-boxed elementor-section-height-default elementor-section-height-default\" data-id=\"7e97e0f\" data-element_type=\"section\" data-e-type=\"section\">\n\t\t\t\t\t\t<div class=\"elementor-container elementor-column-gap-default\">\n\t\t\t\t\t<div class=\"elementor-column elementor-col-100 elementor-top-column elementor-element elementor-element-6c20a8e\" data-id=\"6c20a8e\" data-element_type=\"column\" data-e-type=\"column\">\n\t\t\t<div class=\"elementor-widget-wrap elementor-element-populated\">\n\t\t\t\t\t\t<div class=\"elementor-element elementor-element-8a74635 elementor-widget elementor-widget-text-editor\" data-id=\"8a74635\" data-element_type=\"widget\" data-e-type=\"widget\" data-widget_type=\"text-editor.default\">\n\t\t\t\t<div class=\"elementor-widget-container\">\n\t\t\t\t\t\t\t\t\t<p style=\"text-align: left;\">El Grupo de Trabajo de Salud y Equidad garantiza que las actividades de preparaci\u00f3n, respuesta y recuperaci\u00f3n del COAD de RV proporcionen el apoyo adecuado para atender las necesidades humanas insatisfechas de las personas con necesidades funcionales y de acceso (AFN) y fomenten la inclusi\u00f3n. Nos centramos en enfoques culturalmente sensibles e informados sobre el trauma que reconocen el bienestar emocional y espiritual como componentes esenciales de la salud y la seguridad en caso de desastre. Integramos la equidad y las pr\u00e1cticas inclusivas en la planificaci\u00f3n, la coordinaci\u00f3n y la ejecuci\u00f3n en caso de cat\u00e1strofe. En colaboraci\u00f3n con los proveedores de servicios sanitarios y humanos, los socios comunitarios y la gesti\u00f3n de emergencias, reforzamos la capacidad de la regi\u00f3n para atender a las diversas comunidades de los condados de Jackson y Josephine. Alineamos nuestros esfuerzos con el Plan de Operaciones de Emergencia (EOP) del condado de Jackson en la medida de lo posible.    <\/p>\t\t\t\t\t\t\t\t<\/div>\n\t\t\t\t<\/div>\n\t\t\t\t\t<\/div>\n\t\t<\/div>\n\t\t\t\t\t<\/div>\n\t\t<\/section>\n\t\t\t\t<section class=\"elementor-section elementor-top-section elementor-element elementor-element-cb3d4f0 elementor-section-boxed elementor-section-height-default elementor-section-height-default\" data-id=\"cb3d4f0\" data-element_type=\"section\" data-e-type=\"section\">\n\t\t\t\t\t\t<div class=\"elementor-container elementor-column-gap-default\">\n\t\t\t\t\t<div class=\"elementor-column elementor-col-100 elementor-top-column elementor-element elementor-element-5b72d86\" data-id=\"5b72d86\" data-element_type=\"column\" data-e-type=\"column\">\n\t\t\t<div class=\"elementor-widget-wrap elementor-element-populated\">\n\t\t\t\t\t\t<div class=\"elementor-element elementor-element-23c54d0 elementor-widget elementor-widget-heading\" data-id=\"23c54d0\" data-element_type=\"widget\" data-e-type=\"widget\" data-widget_type=\"heading.default\">\n\t\t\t\t<div class=\"elementor-widget-container\">\n\t\t\t\t\t<h6 class=\"elementor-heading-title elementor-size-xl\">Objetivos del Plan de Trabajo 2026<\/h6>\t\t\t\t<\/div>\n\t\t\t\t<\/div>\n\t\t\t\t<div class=\"elementor-element elementor-element-5fb9b79 elementor-widget elementor-widget-text-editor\" data-id=\"5fb9b79\" data-element_type=\"widget\" data-e-type=\"widget\" data-widget_type=\"text-editor.default\">\n\t\t\t\t<div class=\"elementor-widget-container\">\n\t\t\t\t\t\t\t\t\t<ol><li><h6>Aumentar la participaci\u00f3n y la representaci\u00f3n, reclutando agencias que proporcionen apoyos de salud mental y atiendan a poblaciones con necesidades funcionales y de acceso y a organizaciones culturalmente espec\u00edficas.<\/h6><\/li><li><h6>Facilitar ejercicios y colaborar en ejercicios dirigidos por socios, centr\u00e1ndose en incluir la salud mental y los apoyos para el acceso y las necesidades funcionales y las poblaciones culturalmente espec\u00edficas.<\/h6><\/li><li><h6>Eval\u00faa y mejora los protocolos de refugio en coordinaci\u00f3n con la gesti\u00f3n de emergencias y los proveedores de refugios de evacuaci\u00f3n.<\/h6><\/li><li><h6><span style=\"font-family: -apple-system, BlinkMacSystemFont, 'Segoe UI', Roboto, 'Helvetica Neue', Arial, 'Noto Sans', sans-serif, 'Apple Color Emoji', 'Segoe UI Emoji', 'Segoe UI Symbol', 'Noto Color Emoji';\">Facilitar la formaci\u00f3n en Primeros Auxilios Psicol\u00f3gicos para reforzar la capacidad de respuesta y de los socios.<\/span><\/h6><\/li><li><h6><span style=\"font-family: -apple-system, BlinkMacSystemFont, 'Segoe UI', Roboto, 'Helvetica Neue', Arial, 'Noto Sans', sans-serif, 'Apple Color Emoji', 'Segoe UI Emoji', 'Segoe UI Symbol', 'Noto Color Emoji';\">Establecer y mantener la coordinaci\u00f3n con los socios de respuesta a emergencias en el condado de Josephine.<\/span><\/h6><\/li><li><h6><span style=\"font-family: -apple-system, BlinkMacSystemFont, 'Segoe UI', Roboto, 'Helvetica Neue', Arial, 'Noto Sans', sans-serif, 'Apple Color Emoji', 'Segoe UI Emoji', 'Segoe UI Symbol', 'Noto Color Emoji'; font-size: 16px;\">Revisa los documentos de planificaci\u00f3n del COAD de Rogue Valley para alinear los esfuerzos del grupo de trabajo con las prioridades regionales de recuperaci\u00f3n y preparaci\u00f3n.<\/span><\/h6><\/li><li><h6><span style=\"font-family: -apple-system, BlinkMacSystemFont, 'Segoe UI', Roboto, 'Helvetica Neue', Arial, 'Noto Sans', sans-serif, 'Apple Color Emoji', 'Segoe UI Emoji', 'Segoe UI Symbol', 'Noto Color Emoji'; font-size: 16px;\">Participa en las conversaciones de revisi\u00f3n posteriores a la acci\u00f3n del COAD de Rogue Valley para apoyar la mejora continua y el aprendizaje compartido.<\/span><\/h6><\/li><li><h6><span style=\"font-family: -apple-system, BlinkMacSystemFont, 'Segoe UI', Roboto, 'Helvetica Neue', Arial, 'Noto Sans', sans-serif, 'Apple Color Emoji', 'Segoe UI Emoji', 'Segoe UI Symbol', 'Noto Color Emoji'; font-size: 16px;\">Promover formaciones sobre salud y apoyo emocional para los socios, la direcci\u00f3n y los miembros del Comit\u00e9 Directivo.<\/span><\/h6><\/li><\/ol>\t\t\t\t\t\t\t\t<\/div>\n\t\t\t\t<\/div>\n\t\t\t\t<div class=\"elementor-element elementor-element-bb387ed elementor-widget elementor-widget-heading\" data-id=\"bb387ed\" data-element_type=\"widget\" data-e-type=\"widget\" data-widget_type=\"heading.default\">\n\t\t\t\t<div class=\"elementor-widget-container\">\n\t\t\t\t\t<h2 class=\"elementor-heading-title elementor-size-large\"><b>Necesidades Funcionales y de Acceso (AFN) Definici\u00f3n<\/b><\/h2>\t\t\t\t<\/div>\n\t\t\t\t<\/div>\n\t\t\t\t<div class=\"elementor-element elementor-element-d9dd093 elementor-widget elementor-widget-text-editor\" data-id=\"d9dd093\" data-element_type=\"widget\" data-e-type=\"widget\" data-widget_type=\"text-editor.default\">\n\t\t\t\t<div class=\"elementor-widget-container\">\n\t\t\t\t\t\t\t\t\t<p>Esta definici\u00f3n se ajusta a las orientaciones de la FEMA y de la Gesti\u00f3n de Emergencias de Oreg\u00f3n sobre la planificaci\u00f3n para personas con necesidades funcionales y de acceso.<\/p><p>El t\u00e9rmino Necesidades Funcionales y de Acceso (AFN) se refiere a las personas que pueden requerir asistencia adicional antes, durante o despu\u00e9s de una emergencia debido a necesidades funcionales espec\u00edficas en una o m\u00e1s de las siguientes \u00e1reas CMIST:<\/p><p><strong>Comunicaci\u00f3n<\/strong> &#8211; Personas que pueden tener limitaciones relacionadas con la audici\u00f3n, la visi\u00f3n, el habla, la comprensi\u00f3n, la lectura o la escritura, incluidas las que tienen un dominio limitado del ingl\u00e9s.<\/p><p><strong>M\u00e9dicos<\/strong> &#8211; Personas que dependen de cuidados m\u00e9dicos, medicamentos, equipos m\u00e9dicos duraderos o dispositivos de asistencia para mantener la salud y la seguridad.<\/p><p><strong>Independencia<\/strong> &#8211; Personas que necesitan apoyo para la movilidad, animales de servicio, asistencia personal o equipos de adaptaci\u00f3n para seguir siendo autosuficientes.<\/p><p><strong>Seguridad, apoyo y autodeterminaci\u00f3n<\/strong> &#8211; Personas que necesitan apoyo conductual, cognitivo o de protecci\u00f3n para permanecer seguras y mantener la autonom\u00eda.<\/p><p><strong>Transporte<\/strong> &#8211; Personas que necesitan transporte accesible o asistido para evacuar, reubicarse o acceder a servicios.<\/p><p>La planificaci\u00f3n de la AFN reconoce que estas necesidades existen en todos los segmentos de la poblaci\u00f3n y pretende garantizar un acceso equitativo a la informaci\u00f3n, los servicios y los recursos de emergencia para todos los residentes.<\/p>\t\t\t\t\t\t\t\t<\/div>\n\t\t\t\t<\/div>\n\t\t\t\t<div class=\"elementor-element elementor-element-4dd24ff elementor-widget elementor-widget-heading\" data-id=\"4dd24ff\" data-element_type=\"widget\" data-e-type=\"widget\" data-widget_type=\"heading.default\">\n\t\t\t\t<div class=\"elementor-widget-container\">\n\t\t\t\t\t<h2 class=\"elementor-heading-title elementor-size-large\"><b>Participa<\/b><\/h2>\t\t\t\t<\/div>\n\t\t\t\t<\/div>\n\t\t\t\t<div class=\"elementor-element elementor-element-38ed47a elementor-widget elementor-widget-text-editor\" data-id=\"38ed47a\" data-element_type=\"widget\" data-e-type=\"widget\" data-widget_type=\"text-editor.default\">\n\t\t\t\t<div class=\"elementor-widget-container\">\n\t\t\t\t\t\t\t\t\t<h5><span style=\"color: #000000;\">El Grupo de Trabajo de Salud y Equidad se re\u00fane una vez al mes, virtualmente el tercer lunes, de 15:00 a 16:00.  <\/span><\/h5>\n<h5><span style=\"color: #000000;\"><strong>Invitamos a los interesados en participar a ponerse en contacto con nuestra Directora de Operaciones y Participaci\u00f3n, Tessa Elbettar, enviando un correo electr\u00f3nico a Tessa@jccltrg.org.  <\/strong><\/span><\/h5>\t\t\t\t\t\t\t\t<\/div>\n\t\t\t\t<\/div>\n\t\t\t\t<div class=\"elementor-element elementor-element-bee0f47 elementor-widget elementor-widget-spacer\" data-id=\"bee0f47\" data-element_type=\"widget\" data-e-type=\"widget\" data-widget_type=\"spacer.default\">\n\t\t\t\t<div class=\"elementor-widget-container\">\n\t\t\t\t\t\t\t<div class=\"elementor-spacer\">\n\t\t\t<div class=\"elementor-spacer-inner\"><\/div>\n\t\t<\/div>\n\t\t\t\t\t\t<\/div>\n\t\t\t\t<\/div>\n\t\t\t\t<div class=\"elementor-element elementor-element-61460b6 elementor-widget elementor-widget-spacer\" data-id=\"61460b6\" data-element_type=\"widget\" data-e-type=\"widget\" data-widget_type=\"spacer.default\">\n\t\t\t\t<div class=\"elementor-widget-container\">\n\t\t\t\t\t\t\t<div class=\"elementor-spacer\">\n\t\t\t<div class=\"elementor-spacer-inner\"><\/div>\n\t\t<\/div>\n\t\t\t\t\t\t<\/div>\n\t\t\t\t<\/div>\n\t\t\t\t<div class=\"elementor-element elementor-element-da12f91 elementor-widget elementor-widget-spacer\" data-id=\"da12f91\" data-element_type=\"widget\" data-e-type=\"widget\" data-widget_type=\"spacer.default\">\n\t\t\t\t<div class=\"elementor-widget-container\">\n\t\t\t\t\t\t\t<div class=\"elementor-spacer\">\n\t\t\t<div class=\"elementor-spacer-inner\"><\/div>\n\t\t<\/div>\n\t\t\t\t\t\t<\/div>\n\t\t\t\t<\/div>\n\t\t\t\t\t<\/div>\n\t\t<\/div>\n\t\t\t\t\t<\/div>\n\t\t<\/section>\n\t\t\t\t<section class=\"elementor-section elementor-top-section elementor-element elementor-element-c1a74b0 elementor-section-boxed elementor-section-height-default elementor-section-height-default\" data-id=\"c1a74b0\" data-element_type=\"section\" data-e-type=\"section\">\n\t\t\t\t\t\t<div class=\"elementor-container elementor-column-gap-default\">\n\t\t\t\t\t\t<\/div>\n\t\t<\/section>\n\t\t\t\t<\/div>\n\t\t","protected":false},"excerpt":{"rendered":"<p>El Grupo de Trabajo de Salud y Equidad garantiza que las actividades de preparaci\u00f3n, respuesta y recuperaci\u00f3n del COAD de RV proporcionen el apoyo adecuado para atender las necesidades humanas insatisfechas de las personas con necesidades funcionales y de acceso (AFN) y fomenten la inclusi\u00f3n. Nos centramos en enfoques culturalmente sensibles e informados sobre el [&hellip;]<\/p>\n","protected":false},"author":2,"featured_media":0,"parent":0,"menu_order":0,"comment_status":"closed","ping_status":"closed","template":"","meta":{"_eb_attr":"","footnotes":""},"class_list":["post-9617","page","type-page","status-publish","hentry"],"rttpg_featured_image_url":null,"rttpg_author":{"display_name":"jccltrg-admin","author_link":"https:\/\/jccltrg.org\/es\/author\/jccltrg-admin\/"},"rttpg_comment":0,"rttpg_category":" <a href=\"https:\/\/jccltrg.org\/es\/?taxonomy=translation_priority&#038;term=opcional\" rel=\"tag\">Opcional<\/a>","rttpg_excerpt":"El Grupo de Trabajo de Salud y Equidad garantiza que las actividades de preparaci\u00f3n, respuesta y recuperaci\u00f3n del COAD de RV proporcionen el apoyo adecuado para atender las necesidades humanas insatisfechas de las personas con necesidades funcionales y de acceso (AFN) y fomenten la inclusi\u00f3n. Nos centramos en enfoques culturalmente sensibles e informados sobre el&hellip;","_links":{"self":[{"href":"https:\/\/jccltrg.org\/es\/wp-json\/wp\/v2\/pages\/9617"}],"collection":[{"href":"https:\/\/jccltrg.org\/es\/wp-json\/wp\/v2\/pages"}],"about":[{"href":"https:\/\/jccltrg.org\/es\/wp-json\/wp\/v2\/types\/page"}],"author":[{"embeddable":true,"href":"https:\/\/jccltrg.org\/es\/wp-json\/wp\/v2\/users\/2"}],"replies":[{"embeddable":true,"href":"https:\/\/jccltrg.org\/es\/wp-json\/wp\/v2\/comments?post=9617"}],"version-history":[{"count":9,"href":"https:\/\/jccltrg.org\/es\/wp-json\/wp\/v2\/pages\/9617\/revisions"}],"predecessor-version":[{"id":9635,"href":"https:\/\/jccltrg.org\/es\/wp-json\/wp\/v2\/pages\/9617\/revisions\/9635"}],"wp:attachment":[{"href":"https:\/\/jccltrg.org\/es\/wp-json\/wp\/v2\/media?parent=9617"}],"curies":[{"name":"wp","href":"https:\/\/api.w.org\/{rel}","templated":true}]}}